{"id":54616,"date":"2022-03-08T05:06:41","date_gmt":"2022-03-08T04:06:41","guid":{"rendered":"https:\/\/johanna-highclass-escort.de\/?page_id=54616"},"modified":"2023-06-22T01:50:19","modified_gmt":"2023-06-21T23:50:19","slug":"faq","status":"publish","type":"page","link":"https:\/\/johanna-highclass-escort.de\/de\/faq\/","title":{"rendered":"FAQ"},"content":{"rendered":"<p>[et_pb_section fb_built=&#8220;1&#8243; theme_builder_area=&#8220;post_content&#8220; _builder_version=&#8220;4.21.0&#8243; _module_preset=&#8220;default&#8220; title_text=&#8220;Mask Group (3)-min&#8220; background_image=&#8220;https:\/\/johanna-highclass-escort.de\/wp-content\/uploads\/2022\/03\/Mask-Group-3-min.jpg&#8220; background_position=&#8220;top_center&#8220; hover_enabled=&#8220;0&#8243; sticky_enabled=&#8220;0&#8243;][et_pb_row _builder_version=&#8220;4.21.0&#8243; _module_preset=&#8220;default&#8220; theme_builder_area=&#8220;post_content&#8220;][et_pb_column _builder_version=&#8220;4.21.0&#8243; _module_preset=&#8220;default&#8220; type=&#8220;4_4&#8243; theme_builder_area=&#8220;post_content&#8220;][et_pb_text _builder_version=&#8220;4.21.0&#8243; _module_preset=&#8220;default&#8220; theme_builder_area=&#8220;post_content&#8220; background_layout=&#8220;dark&#8220; hover_enabled=&#8220;0&#8243; sticky_enabled=&#8220;0&#8243;]<\/p>\n<h1 style=\"text-align: center;\">FAQ<\/h1>\n<p>[\/et_pb_text][\/et_pb_column][\/et_pb_row][\/et_pb_section][et_pb_section fb_built=&#8220;1&#8243; _builder_version=&#8220;4.16&#8243; _module_preset=&#8220;default&#8220; global_colors_info=&#8220;{}&#8220;][et_pb_row _builder_version=&#8220;4.18.0&#8243; _module_preset=&#8220;default&#8220; global_colors_info=&#8220;{}&#8220;][et_pb_column type=&#8220;4_4&#8243; _builder_version=&#8220;4.18.0&#8243; _module_preset=&#8220;default&#8220; global_colors_info=&#8220;{}&#8220;][et_pb_accordion _builder_version=&#8220;4.20.2&#8243; _module_preset=&#8220;default&#8220; global_colors_info=&#8220;{}&#8220;][et_pb_accordion_item open=&#8220;on&#8220; _builder_version=&#8220;4.18.0&#8243; _module_preset=&#8220;default&#8220; inline_fonts=&#8220;Belleza&#8220; global_colors_info=&#8220;{}&#8220;]<\/p>\n<h2><span style=\"font-family: Belleza; font-weight: normal;\">Wo kann ich dich treffen?<\/span><\/h2>\n<p><span style=\"font-family: Belleza; font-weight: normal;\"><\/span><\/p>\n<h4><span style=\"font-family: Belleza; font-weight: normal;\">Ich wohne derzeit in Mannheim, welches sehr gute Zugverbindungen in die Schweiz, nach \u00d6sterreich, Br\u00fcssel und Frankreich hat. Nat\u00fcrlich kannst du mich auch innerhalb Deutschland zu kurzen oder l\u00e4ngeren Dates treffen. Au\u00dferdem liegt Mannheim in der N\u00e4he des Flughafens Frankfurt. Mit meinem deutschen Reisepass kann ich fast \u00fcberall hinreisen, wo ich will. Nat\u00fcrlich m\u00fcssen alle meine Reisekosten im Voraus von dir \u00fcbernommen werden, entweder durch eine Geschenkkarte oder eine \u00dcberweisung. Ich kann dir mehr \u00fcber die Kosten sagen, sobald du mir das Reiseziel mitteilst. Wenn du weitere Fragen hast, f\u00fcge diese bitte deiner Anfrage bei.<\/span><\/h4>\n<p>[\/et_pb_accordion_item][\/et_pb_accordion][et_pb_accordion _builder_version=&#8220;4.18.0&#8243; _module_preset=&#8220;default&#8220; global_colors_info=&#8220;{}&#8220;][et_pb_accordion_item open=&#8220;on&#8220; _builder_version=&#8220;4.18.0&#8243; _module_preset=&#8220;default&#8220; inline_fonts=&#8220;Belleza&#8220; global_colors_info=&#8220;{}&#8220;]<\/p>\n<h2><span style=\"font-family: Belleza; font-weight: normal;\">Wie kann ich dich kontaktieren?<\/span><\/h2>\n<h4><span style=\"font-family: Belleza; font-weight: normal;\">Die einzige M\u00f6glichkeit, mich f\u00fcr eine erste Anfrage zu kontaktieren, ist eine E-Mail an datejohanna@gmail.com. Ich erwarte von dir, dass du dich richtig vorstellst und mir alle notwendigen Informationen dar\u00fcber gibst, wann und wo genau du mich treffen willst, was du machen willst und so weiter. Sei bitte auch offen und aufrichtig, was deine Erwartungen und W\u00fcnsche f\u00fcr unser erstes Date angeht. Nachdem du eine Sicherheits-Anzahlung ( anonym mit Gutschein m\u00f6glich ) an mich geleistet hast, k\u00f6nnen wir zur besseren Kommunikation unsere Nummern austauschen, bevor wir uns schlie\u00dflich pers\u00f6nlich kennenlernen.<\/span><\/h4>\n<p>[\/et_pb_accordion_item][\/et_pb_accordion][et_pb_accordion _builder_version=&#8220;4.18.0&#8243; _module_preset=&#8220;default&#8220; global_colors_info=&#8220;{}&#8220;][et_pb_accordion_item open=&#8220;on&#8220; _builder_version=&#8220;4.18.0&#8243; _module_preset=&#8220;default&#8220; inline_fonts=&#8220;Alex Brush,Belleza&#8220; global_colors_info=&#8220;{}&#8220;]<\/p>\n<h2><span style=\"font-family: Belleza; font-weight: normal;\">Bist du diskret?<\/span><\/h2>\n<h4><span style=\"font-family: Belleza; font-weight: normal;\">Nat\u00fcrlich, zu 100 %. Die gesamte Kommunikation wird zwischen uns beiden stattfinden. Deine Daten werden nur f\u00fcr unser Treffen verwendet und niemand sonst wird davon erfahren. Deine Sicherheit ist mir genauso wichtig wie meine und ich kann dir eine vertrauliche Behandlung garantieren. Die Zeit, die wir miteinander verbringen, ist etwas Besonderes und ich m\u00f6chte, dass wir uns gegenseitig vertrauen\u00a0 und sie in vollen Z\u00fcgen genie\u00dfen k\u00f6nnen.<\/span><\/h4>\n<p>[\/et_pb_accordion_item][\/et_pb_accordion][et_pb_accordion _builder_version=&#8220;4.18.0&#8243; _module_preset=&#8220;default&#8220; global_colors_info=&#8220;{}&#8220;][et_pb_accordion_item open=&#8220;on&#8220; _builder_version=&#8220;4.18.0&#8243; _module_preset=&#8220;default&#8220; inline_fonts=&#8220;Belleza&#8220; global_colors_info=&#8220;{}&#8220;]<\/p>\n<h2><span style=\"font-family: Belleza; font-weight: normal;\">Macht es dir etwas aus, wenn wir einen Altersunterschied haben?<\/span><\/h2>\n<h4><span style=\"font-family: Belleza; font-weight: normal;\">Ganz und gar nicht. Alter ist nichts anderes als ein Indikator f\u00fcr Lebenserfahrung und ich bevorzuge generell reife M\u00e4nner, die mir wichtige Dinge \u00fcber das Leben, die Kunst und die Kultur beibringen und erkl\u00e4ren k\u00f6nnen. Ich genie\u00dfe die respektvollen, f\u00fcrsorglichen Umgangsformen eines echten Gentleman.<\/span><\/h4>\n<p>[\/et_pb_accordion_item][\/et_pb_accordion][et_pb_accordion _builder_version=&#8220;4.18.0&#8243; _module_preset=&#8220;default&#8220; global_colors_info=&#8220;{}&#8220;][et_pb_accordion_item open=&#8220;on&#8220; _builder_version=&#8220;4.18.0&#8243; _module_preset=&#8220;default&#8220; inline_fonts=&#8220;Belleza&#8220; global_colors_info=&#8220;{}&#8220;]<\/p>\n<h2><span style=\"font-family: Belleza; font-weight: normal;\">Wie du mich gl\u00fccklich machst&#8230;<\/span><\/h2>\n<h4><span style=\"font-family: Belleza; font-weight: normal;\">Ich bin ein gro\u00dfer Fan von Ros\u00e9-Champagner sowie von Gin Tonic, gr\u00fcnem Tee und Fiji-Wasser. Mein Lieblingsessen ist italienisch und asiatisch. F\u00fcr den s\u00fc\u00dfen Hunger liebe ich Nougatpralinen und exotische Fr\u00fcchte. Die Dessous meiner Wahl sind von Agent Provocateur, Honey Birdette und Bordelle.<\/span><\/h4>\n<p>[\/et_pb_accordion_item][\/et_pb_accordion][\/et_pb_column][\/et_pb_row][\/et_pb_section][et_pb_section fb_built=&#8220;1&#8243; _builder_version=&#8220;4.21.0&#8243; _module_preset=&#8220;default&#8220; background_image=&#8220;https:\/\/johanna-highclass-escort.de\/wp-content\/uploads\/2022\/03\/Rectangle-12850-min.jpg&#8220; global_module=&#8220;57426&#8243; saved_tabs=&#8220;all&#8220; global_colors_info=&#8220;{}&#8220;][et_pb_row _builder_version=&#8220;4.21.0&#8243; _module_preset=&#8220;default&#8220; global_colors_info=&#8220;{}&#8220;][et_pb_column type=&#8220;4_4&#8243; _builder_version=&#8220;4.21.0&#8243; _module_preset=&#8220;default&#8220; global_colors_info=&#8220;{}&#8220;][et_pb_button button_url=&#8220;https:\/\/johanna-highclass-escort.de\/buchung\/&#8220; button_text=&#8220;Buche jetzt dein exklusives Date mit mir&#8220; button_alignment=&#8220;center&#8220; _builder_version=&#8220;4.21.0&#8243; _module_preset=&#8220;default&#8220; global_colors_info=&#8220;{}&#8220;][\/et_pb_button][\/et_pb_column][\/et_pb_row][\/et_pb_section][et_pb_section fb_built=&#8220;1&#8243; _builder_version=&#8220;4.21.0&#8243; _module_preset=&#8220;default&#8220; background_color=&#8220;#F3F3F3&#8243; min_height=&#8220;2366.3px&#8220; global_module=&#8220;57363&#8243; saved_tabs=&#8220;all&#8220; global_colors_info=&#8220;{}&#8220;][et_pb_row _builder_version=&#8220;4.21.0&#8243; _module_preset=&#8220;default&#8220; global_colors_info=&#8220;{}&#8220;][et_pb_column type=&#8220;4_4&#8243; _builder_version=&#8220;4.21.0&#8243; _module_preset=&#8220;default&#8220; global_colors_info=&#8220;{}&#8220;][et_pb_text _builder_version=&#8220;4.21.0&#8243; _module_preset=&#8220;default&#8220; global_colors_info=&#8220;{}&#8220;]<\/p>\n<h2 style=\"text-align: center;\">Feedback zu Dates mit Independent High Class Escort Johanna<\/h2>\n<p>[\/et_pb_text][\/et_pb_column][\/et_pb_row][et_pb_row column_structure=&#8220;1_2,1_2&#8243; _builder_version=&#8220;4.21.0&#8243; _module_preset=&#8220;default&#8220; global_colors_info=&#8220;{}&#8220;][et_pb_column type=&#8220;1_2&#8243; _builder_version=&#8220;4.21.0&#8243; _module_preset=&#8220;default&#8220; global_colors_info=&#8220;{}&#8220;][et_pb_image src=&#8220;https:\/\/johanna-highclass-escort.de\/wp-content\/uploads\/2023\/04\/5a.jpg&#8220; title_text=&#8220;5a&#8220; _builder_version=&#8220;4.21.0&#8243; _module_preset=&#8220;default&#8220; global_colors_info=&#8220;{}&#8220;][\/et_pb_image][\/et_pb_column][et_pb_column type=&#8220;1_2&#8243; _builder_version=&#8220;4.21.0&#8243; _module_preset=&#8220;default&#8220; global_colors_info=&#8220;{}&#8220;][et_pb_image src=&#8220;https:\/\/johanna-highclass-escort.de\/wp-content\/uploads\/2023\/04\/5b.jpg&#8220; title_text=&#8220;5b&#8220; _builder_version=&#8220;4.21.0&#8243; _module_preset=&#8220;default&#8220; global_colors_info=&#8220;{}&#8220;][\/et_pb_image][\/et_pb_column][\/et_pb_row][et_pb_row column_structure=&#8220;1_2,1_2&#8243; _builder_version=&#8220;4.20.4&#8243; _module_preset=&#8220;default&#8220; global_colors_info=&#8220;{}&#8220;][et_pb_column type=&#8220;1_2&#8243; _builder_version=&#8220;4.20.4&#8243; _module_preset=&#8220;default&#8220; global_colors_info=&#8220;{}&#8220;][et_pb_image src=&#8220;https:\/\/johanna-highclass-escort.de\/wp-content\/uploads\/2023\/04\/2a.jpg&#8220; title_text=&#8220;2a&#8220; _builder_version=&#8220;4.20.4&#8243; _module_preset=&#8220;default&#8220; global_colors_info=&#8220;{}&#8220;][\/et_pb_image][\/et_pb_column][et_pb_column type=&#8220;1_2&#8243; _builder_version=&#8220;4.20.4&#8243; _module_preset=&#8220;default&#8220; global_colors_info=&#8220;{}&#8220;][et_pb_image src=&#8220;https:\/\/johanna-highclass-escort.de\/wp-content\/uploads\/2023\/04\/2b.jpg&#8220; title_text=&#8220;2b&#8220; _builder_version=&#8220;4.21.0&#8243; _module_preset=&#8220;default&#8220; global_colors_info=&#8220;{}&#8220;][\/et_pb_image][\/et_pb_column][\/et_pb_row][et_pb_row column_structure=&#8220;1_2,1_2&#8243; _builder_version=&#8220;4.20.4&#8243; _module_preset=&#8220;default&#8220; global_colors_info=&#8220;{}&#8220;][et_pb_column type=&#8220;1_2&#8243; _builder_version=&#8220;4.20.4&#8243; _module_preset=&#8220;default&#8220; global_colors_info=&#8220;{}&#8220;][et_pb_image src=&#8220;https:\/\/johanna-highclass-escort.de\/wp-content\/uploads\/2023\/04\/3.jpg&#8220; title_text=&#8220;3&#8243; _builder_version=&#8220;4.21.0&#8243; _module_preset=&#8220;default&#8220; global_colors_info=&#8220;{}&#8220;][\/et_pb_image][\/et_pb_column][et_pb_column type=&#8220;1_2&#8243; _builder_version=&#8220;4.20.4&#8243; _module_preset=&#8220;default&#8220; global_colors_info=&#8220;{}&#8220;][et_pb_image src=&#8220;https:\/\/johanna-highclass-escort.de\/wp-content\/uploads\/2023\/04\/3a.jpg&#8220; title_text=&#8220;3a&#8220; _builder_version=&#8220;4.21.0&#8243; _module_preset=&#8220;default&#8220; global_colors_info=&#8220;{}&#8220;][\/et_pb_image][et_pb_image src=&#8220;https:\/\/johanna-highclass-escort.de\/wp-content\/uploads\/2023\/04\/3b.jpg&#8220; title_text=&#8220;3b&#8220; _builder_version=&#8220;4.21.0&#8243; _module_preset=&#8220;default&#8220; global_colors_info=&#8220;{}&#8220;][\/et_pb_image][\/et_pb_column][\/et_pb_row][et_pb_row column_structure=&#8220;1_2,1_2&#8243; _builder_version=&#8220;4.20.4&#8243; _module_preset=&#8220;default&#8220; global_colors_info=&#8220;{}&#8220;][et_pb_column type=&#8220;1_2&#8243; _builder_version=&#8220;4.20.4&#8243; _module_preset=&#8220;default&#8220; global_colors_info=&#8220;{}&#8220;][et_pb_image src=&#8220;https:\/\/johanna-highclass-escort.de\/wp-content\/uploads\/2023\/04\/1.jpg&#8220; title_text=&#8220;1&#8243; _builder_version=&#8220;4.21.0&#8243; _module_preset=&#8220;default&#8220; global_colors_info=&#8220;{}&#8220;][\/et_pb_image][\/et_pb_column][et_pb_column type=&#8220;1_2&#8243; _builder_version=&#8220;4.20.4&#8243; _module_preset=&#8220;default&#8220; global_colors_info=&#8220;{}&#8220;][et_pb_image src=&#8220;https:\/\/johanna-highclass-escort.de\/wp-content\/uploads\/2023\/04\/4.jpg&#8220; title_text=&#8220;4&#8243; _builder_version=&#8220;4.21.0&#8243; _module_preset=&#8220;default&#8220; global_colors_info=&#8220;{}&#8220;][\/et_pb_image][\/et_pb_column][\/et_pb_row][\/et_pb_section][et_pb_section fb_built=&#8220;1&#8243; module_class=&#8220;white_font_sec&#8220; _builder_version=&#8220;4.20.0&#8243; _module_preset=&#8220;default&#8220; background_color=&#8220;rgba(15,15,15,0)&#8220; background_image=&#8220;https:\/\/johanna-highclass-escort.de\/wp-content\/uploads\/2022\/03\/Mask-Group-2-min.jpg&#8220; background_blend=&#8220;multiply&#8220; vertical_offset_tablet=&#8220;0&#8243; horizontal_offset_tablet=&#8220;0&#8243; min_height=&#8220;279.3px&#8220; box_shadow_horizontal_tablet=&#8220;0px&#8220; box_shadow_vertical_tablet=&#8220;0px&#8220; box_shadow_blur_tablet=&#8220;40px&#8220; box_shadow_spread_tablet=&#8220;0px&#8220; global_module=&#8220;57399&#8243; locked=&#8220;off&#8220; global_colors_info=&#8220;{}&#8220;][et_pb_row _builder_version=&#8220;4.21.0&#8243; _module_preset=&#8220;default&#8220; global_colors_info=&#8220;{}&#8220;][et_pb_column type=&#8220;4_4&#8243; _builder_version=&#8220;4.21.0&#8243; _module_preset=&#8220;default&#8220; global_colors_info=&#8220;{}&#8220;][et_pb_text _builder_version=&#8220;4.21.0&#8243; _module_preset=&#8220;default&#8220; background_layout=&#8220;dark&#8220; global_colors_info=&#8220;{}&#8220;]<\/p>\n<h2 style=\"text-align: center;\">More private impressions of me and my life&#8230;.<\/h2>\n<p>[\/et_pb_text][et_pb_button button_url=&#8220;https:\/\/twitter.com\/datejohanna&#8220; url_new_window=&#8220;on&#8220; button_text=&#8220;Twitter&#8220; button_alignment=&#8220;center&#8220; _builder_version=&#8220;4.21.0&#8243; _module_preset=&#8220;default&#8220; custom_button=&#8220;on&#8220; button_text_size=&#8220;29px&#8220; global_colors_info=&#8220;{}&#8220;][\/et_pb_button][\/et_pb_column][\/et_pb_row][\/et_pb_section]<\/p>\n","protected":false},"excerpt":{"rendered":"<p>FAQWo kann ich dich treffen? Ich wohne derzeit in Mannheim, welches sehr gute Zugverbindungen in die Schweiz, nach \u00d6sterreich, Br\u00fcssel und Frankreich hat. Nat\u00fcrlich kannst du mich auch innerhalb Deutschland zu kurzen oder l\u00e4ngeren Dates treffen. Au\u00dferdem liegt Mannheim in der N\u00e4he des Flughafens Frankfurt. Mit meinem deutschen Reisepass kann ich fast \u00fcberall hinreisen, wo [&hellip;]<\/p>\n","protected":false},"author":3,"featured_media":0,"parent":0,"menu_order":0,"comment_status":"closed","ping_status":"closed","template":"","meta":{"_et_pb_use_builder":"on","_et_pb_old_content":"","_et_gb_content_width":"","footnotes":""},"class_list":["post-54616","page","type-page","status-publish","hentry"],"yoast_head":"<!-- This site is optimized with the Yoast SEO plugin v26.3 - https:\/\/yoast.com\/wordpress\/plugins\/seo\/ -->\n<title>FAQ - Independent High Class Escort aus Leidenschaft<\/title>\n<meta name=\"description\" content=\"FAQ - Bist du echt? Bist du diskret? Warum machst du Escort? Wie stellst du dir das perfekte Date vor? Was ist der Vorteil an der Buchung eines Independent Escort Girl?\" \/>\n<meta name=\"robots\" content=\"index, follow, max-snippet:-1, max-image-preview:large, max-video-preview:-1\" \/>\n<link rel=\"canonical\" href=\"https:\/\/johanna-highclass-escort.de\/de\/faq\/\" \/>\n<meta property=\"og:locale\" content=\"de_DE\" \/>\n<meta property=\"og:type\" content=\"article\" \/>\n<meta property=\"og:title\" content=\"FAQ - Independent High Class Escort aus Leidenschaft\" \/>\n<meta property=\"og:description\" content=\"FAQ - Bist du echt? Bist du diskret? Warum machst du Escort? Wie stellst du dir das perfekte Date vor? Was ist der Vorteil an der Buchung eines Independent Escort Girl?\" \/>\n<meta property=\"og:url\" content=\"https:\/\/johanna-highclass-escort.de\/de\/faq\/\" \/>\n<meta property=\"og:site_name\" content=\"Johanna Highclass Escort\" \/>\n<meta property=\"article:modified_time\" content=\"2023-06-21T23:50:19+00:00\" \/>\n<meta name=\"twitter:card\" content=\"summary_large_image\" \/>\n<meta name=\"twitter:label1\" content=\"Gesch\u00e4tzte Lesezeit\" \/>\n\t<meta name=\"twitter:data1\" content=\"3\u00a0Minuten\" \/>\n<script type=\"application\/ld+json\" class=\"yoast-schema-graph\">{\"@context\":\"https:\/\/schema.org\",\"@graph\":[{\"@type\":\"WebPage\",\"@id\":\"https:\/\/johanna-highclass-escort.de\/de\/faq\/\",\"url\":\"https:\/\/johanna-highclass-escort.de\/de\/faq\/\",\"name\":\"FAQ - Independent High Class Escort aus Leidenschaft\",\"isPartOf\":{\"@id\":\"https:\/\/johanna-highclass-escort.de\/de\/#website\"},\"datePublished\":\"2022-03-08T04:06:41+00:00\",\"dateModified\":\"2023-06-21T23:50:19+00:00\",\"description\":\"FAQ - Bist du echt? Bist du diskret? Warum machst du Escort? Wie stellst du dir das perfekte Date vor? Was ist der Vorteil an der Buchung eines Independent Escort Girl?\",\"breadcrumb\":{\"@id\":\"https:\/\/johanna-highclass-escort.de\/de\/faq\/#breadcrumb\"},\"inLanguage\":\"de\",\"potentialAction\":[{\"@type\":\"ReadAction\",\"target\":[\"https:\/\/johanna-highclass-escort.de\/de\/faq\/\"]}]},{\"@type\":\"BreadcrumbList\",\"@id\":\"https:\/\/johanna-highclass-escort.de\/de\/faq\/#breadcrumb\",\"itemListElement\":[{\"@type\":\"ListItem\",\"position\":1,\"name\":\"Startseite\",\"item\":\"https:\/\/johanna-highclass-escort.de\/de\/\"},{\"@type\":\"ListItem\",\"position\":2,\"name\":\"FAQ\"}]},{\"@type\":\"WebSite\",\"@id\":\"https:\/\/johanna-highclass-escort.de\/de\/#website\",\"url\":\"https:\/\/johanna-highclass-escort.de\/de\/\",\"name\":\"Johanna Highclass Escort\",\"description\":\"Independent High Class Escort aus Leidenschaft\",\"potentialAction\":[{\"@type\":\"SearchAction\",\"target\":{\"@type\":\"EntryPoint\",\"urlTemplate\":\"https:\/\/johanna-highclass-escort.de\/de\/?s={search_term_string}\"},\"query-input\":{\"@type\":\"PropertyValueSpecification\",\"valueRequired\":true,\"valueName\":\"search_term_string\"}}],\"inLanguage\":\"de\"}]}<\/script>\n<!-- \/ Yoast SEO plugin. -->","yoast_head_json":{"title":"FAQ - Independent High Class Escort aus Leidenschaft","description":"FAQ - Bist du echt? Bist du diskret? Warum machst du Escort? Wie stellst du dir das perfekte Date vor? Was ist der Vorteil an der Buchung eines Independent Escort Girl?","robots":{"index":"index","follow":"follow","max-snippet":"max-snippet:-1","max-image-preview":"max-image-preview:large","max-video-preview":"max-video-preview:-1"},"canonical":"https:\/\/johanna-highclass-escort.de\/de\/faq\/","og_locale":"de_DE","og_type":"article","og_title":"FAQ - Independent High Class Escort aus Leidenschaft","og_description":"FAQ - Bist du echt? Bist du diskret? Warum machst du Escort? Wie stellst du dir das perfekte Date vor? Was ist der Vorteil an der Buchung eines Independent Escort Girl?","og_url":"https:\/\/johanna-highclass-escort.de\/de\/faq\/","og_site_name":"Johanna Highclass Escort","article_modified_time":"2023-06-21T23:50:19+00:00","twitter_card":"summary_large_image","twitter_misc":{"Gesch\u00e4tzte Lesezeit":"3\u00a0Minuten"},"schema":{"@context":"https:\/\/schema.org","@graph":[{"@type":"WebPage","@id":"https:\/\/johanna-highclass-escort.de\/de\/faq\/","url":"https:\/\/johanna-highclass-escort.de\/de\/faq\/","name":"FAQ - Independent High Class Escort aus Leidenschaft","isPartOf":{"@id":"https:\/\/johanna-highclass-escort.de\/de\/#website"},"datePublished":"2022-03-08T04:06:41+00:00","dateModified":"2023-06-21T23:50:19+00:00","description":"FAQ - Bist du echt? Bist du diskret? Warum machst du Escort? Wie stellst du dir das perfekte Date vor? Was ist der Vorteil an der Buchung eines Independent Escort Girl?","breadcrumb":{"@id":"https:\/\/johanna-highclass-escort.de\/de\/faq\/#breadcrumb"},"inLanguage":"de","potentialAction":[{"@type":"ReadAction","target":["https:\/\/johanna-highclass-escort.de\/de\/faq\/"]}]},{"@type":"BreadcrumbList","@id":"https:\/\/johanna-highclass-escort.de\/de\/faq\/#breadcrumb","itemListElement":[{"@type":"ListItem","position":1,"name":"Startseite","item":"https:\/\/johanna-highclass-escort.de\/de\/"},{"@type":"ListItem","position":2,"name":"FAQ"}]},{"@type":"WebSite","@id":"https:\/\/johanna-highclass-escort.de\/de\/#website","url":"https:\/\/johanna-highclass-escort.de\/de\/","name":"Johanna Highclass Escort","description":"Independent High Class Escort aus Leidenschaft","potentialAction":[{"@type":"SearchAction","target":{"@type":"EntryPoint","urlTemplate":"https:\/\/johanna-highclass-escort.de\/de\/?s={search_term_string}"},"query-input":{"@type":"PropertyValueSpecification","valueRequired":true,"valueName":"search_term_string"}}],"inLanguage":"de"}]}},"_links":{"self":[{"href":"https:\/\/johanna-highclass-escort.de\/de\/wp-json\/wp\/v2\/pages\/54616","targetHints":{"allow":["GET"]}}],"collection":[{"href":"https:\/\/johanna-highclass-escort.de\/de\/wp-json\/wp\/v2\/pages"}],"about":[{"href":"https:\/\/johanna-highclass-escort.de\/de\/wp-json\/wp\/v2\/types\/page"}],"author":[{"embeddable":true,"href":"https:\/\/johanna-highclass-escort.de\/de\/wp-json\/wp\/v2\/users\/3"}],"replies":[{"embeddable":true,"href":"https:\/\/johanna-highclass-escort.de\/de\/wp-json\/wp\/v2\/comments?post=54616"}],"version-history":[{"count":0,"href":"https:\/\/johanna-highclass-escort.de\/de\/wp-json\/wp\/v2\/pages\/54616\/revisions"}],"wp:attachment":[{"href":"https:\/\/johanna-highclass-escort.de\/de\/wp-json\/wp\/v2\/media?parent=54616"}],"curies":[{"name":"wp","href":"https:\/\/api.w.org\/{rel}","templated":true}]}}