{"id":54625,"date":"2022-03-08T13:13:40","date_gmt":"2022-03-08T12:13:40","guid":{"rendered":"https:\/\/johanna-highclass-escort.de\/?page_id=54625"},"modified":"2023-06-22T01:42:04","modified_gmt":"2023-06-21T23:42:04","slug":"buchung","status":"publish","type":"page","link":"https:\/\/johanna-highclass-escort.de\/de\/buchung\/","title":{"rendered":"Buchung"},"content":{"rendered":"<p>[et_pb_section fb_built=&#8220;1&#8243; _builder_version=&#8220;4.21.0&#8243; _module_preset=&#8220;default&#8220; background_image=&#8220;https:\/\/johanna-highclass-escort.de\/wp-content\/uploads\/2022\/03\/Mask-Group-3-min.jpg&#8220; background_position=&#8220;top_center&#8220; global_colors_info=&#8220;{}&#8220;][et_pb_row _builder_version=&#8220;4.21.0&#8243; _module_preset=&#8220;default&#8220; global_colors_info=&#8220;{}&#8220;][et_pb_column type=&#8220;4_4&#8243; _builder_version=&#8220;4.21.0&#8243; _module_preset=&#8220;default&#8220; global_colors_info=&#8220;{}&#8220;][et_pb_text _builder_version=&#8220;4.21.0&#8243; _module_preset=&#8220;default&#8220; background_layout=&#8220;dark&#8220; global_colors_info=&#8220;{}&#8220;]<\/p>\n<h1 style=\"text-align: center;\">Buchung<\/h1>\n<p>[\/et_pb_text][\/et_pb_column][\/et_pb_row][\/et_pb_section][et_pb_section fb_built=&#8220;1&#8243; _builder_version=&#8220;4.21.0&#8243; _module_preset=&#8220;default&#8220; min_height=&#8220;899.2px&#8220; global_colors_info=&#8220;{}&#8220;][et_pb_row column_structure=&#8220;1_2,1_2&#8243; _builder_version=&#8220;4.21.0&#8243; _module_preset=&#8220;default&#8220; global_colors_info=&#8220;{}&#8220;][et_pb_column type=&#8220;1_2&#8243; _builder_version=&#8220;4.21.0&#8243; _module_preset=&#8220;default&#8220; global_colors_info=&#8220;{}&#8220;][et_pb_text _builder_version=&#8220;4.21.0&#8243; _module_preset=&#8220;default&#8220; global_colors_info=&#8220;{}&#8220;]<\/p>\n<p style=\"text-align: left;\"><span style=\"font-family: Belleza; font-weight: normal;\">Ich treffe jeden Monat nur ein paar ausgew\u00e4hlten Gentlemen. F\u00fcr mich ist das Wichtigste ein liebevolles, respektvolles und f\u00fcrsorgliches Verhalten. Wie du dich mir n\u00e4herst und mit mir sprichst, wird bestimmen, wie gut wir miteinander harmonieren. Wir <\/span><span style=\"font-family: Belleza; font-weight: normal;\">spielen <\/span><span style=\"font-family: Belleza; font-weight: normal;\">beide eine aktive Rolle in der Entstehung einer besonderen Chemie.<\/span><\/p>\n<p style=\"text-align: left;\"><span style=\"font-family: Belleza; font-weight: normal;\">Um mir zu zeigen, dass du meine Zeit wertsch\u00e4tzt, verlange ich eine kleine Anzahlung in Form eines Gutscheins, bevor wir unser erstes Date planen. Danach k\u00f6nnen wir im Detail besprechen, wo du dich mit mir treffen m\u00f6chtest, welche Art von Aktivit\u00e4ten du gerne machst und du kannst mir auch offen \u00fcber Outfitw\u00fcnsche und sexuelle Vorlieben erz\u00e4hlen. Ich stelle mich auf deine Anliegen ein, damit wir eine perfekte Zeit haben k\u00f6nnen.<\/span><\/p>\n<p style=\"text-align: left;\"><span style=\"font-family: Belleza; font-weight: normal;\"><\/span><\/p>\n<p style=\"text-align: left;\"><span style=\"font-family: Belleza; font-weight: normal;\">Sende mir deine Anfrage an datejohanna@gmail.com. Bedenke bitte, dass ich von dir alle relevanten Infos ben\u00f6tige. Stell dich mir vor, erz\u00e4hl mir was zu dir und deiner Pers\u00f6nlichkeit ! Wenn du eine Frage oder Anmerkung zu unserer gemeinsamen Zeit hast, z\u00f6gere nicht es mir mitzuteilen.<\/span><\/p>\n<p style=\"text-align: left;\"><span style=\"font-family: Alex Brush; font-weight: normal;\"><\/span><span style=\"font-family: Belleza; font-weight: normal;\">Wenn mir deine E-Mail gef\u00e4llt, erh\u00e4lst du eine schnelle Antwort von mir, damit wir alle Details besprechen k\u00f6nnen. Nachdem wir unser Date festgelegt haben, musst du nur noch auf den Tag warten, an dem es endlich soweit ist. Ich bin auch schon ganz aufgeregt und freue mich auf dich !<\/span><\/p>\n<p>[\/et_pb_text][\/et_pb_column][et_pb_column type=&#8220;1_2&#8243; _builder_version=&#8220;4.21.0&#8243; _module_preset=&#8220;default&#8220; global_colors_info=&#8220;{}&#8220;][et_pb_image src=&#8220;https:\/\/johanna-highclass-escort.de\/wp-content\/uploads\/2022\/10\/eZy-Watermark_01-10-2022_09-56-06PM.jpg&#8220; alt=&#8220;Buchung High Class Escort Johanna&#8220; title_text=&#8220;eZy Watermark_01-10-2022_09-56-06PM&#8220; _builder_version=&#8220;4.21.0&#8243; _module_preset=&#8220;default&#8220; global_colors_info=&#8220;{}&#8220;][\/et_pb_image][\/et_pb_column][\/et_pb_row][\/et_pb_section][et_pb_section fb_built=&#8220;1&#8243; _builder_version=&#8220;4.21.0&#8243; _module_preset=&#8220;default&#8220; background_color=&#8220;#F3F3F3&#8243; global_colors_info=&#8220;{}&#8220;][et_pb_row column_structure=&#8220;1_2,1_2&#8243; _builder_version=&#8220;4.21.0&#8243; _module_preset=&#8220;default&#8220; global_colors_info=&#8220;{}&#8220;][et_pb_column type=&#8220;1_2&#8243; _builder_version=&#8220;4.21.0&#8243; _module_preset=&#8220;default&#8220; global_colors_info=&#8220;{}&#8220;][et_pb_image src=&#8220;https:\/\/johanna-highclass-escort.de\/wp-content\/uploads\/2022\/10\/eZy-Watermark_01-10-2022_08-23-18PM-scaled.jpg&#8220; alt=&#8220;Buchung High Class Escort Johanna&#8220; title_text=&#8220;eZy Watermark_01-10-2022_08-23-18PM&#8220; _builder_version=&#8220;4.21.0&#8243; _module_preset=&#8220;default&#8220; global_colors_info=&#8220;{}&#8220;][\/et_pb_image][\/et_pb_column][et_pb_column type=&#8220;1_2&#8243; _builder_version=&#8220;4.21.0&#8243; _module_preset=&#8220;default&#8220; global_colors_info=&#8220;{}&#8220;][et_pb_text _builder_version=&#8220;4.21.0&#8243; _module_preset=&#8220;default&#8220; global_colors_info=&#8220;{}&#8220;]<\/p>\n<p><span style=\"font-family: Belleza; font-weight: normal;\">Geschenke werden nie vorrausgesetzt, aber nat\u00fcrlich wei\u00df ich sie immer zu sch\u00e4tzen, auch wenn es einfach eine Tafel meiner Lieblingsschokolade ist. Unten findest du meine Wunschliste, mit der du etwas bestellen kannst um mich bei unserem Date zu \u00fcberraschen und mir ein L\u00e4cheln ins Gesicht zu zaubern, als auch einen tollen Eindruck zu hinterlassen. Auch Unterst\u00fctzung bei meiner Miete, meiner Mietgliedschaft im Fitness-studio oder Beauty Behandlungen wie Manik\u00fcre, Massage usw ist m\u00f6glich.<br \/><\/span><\/p>\n<p><span style=\"font-family: Belleza; font-weight: normal;\"><\/span><span style=\"font-family: Belleza; font-weight: normal;\"><\/span><span style=\"font-family: Belleza; font-weight: normal;\"><\/span><span style=\"font-family: Belleza; font-weight: normal;\">Andere Dinge, die ich liebe :<\/span><\/p>\n<p><span style=\"font-family: Belleza; font-weight: normal;\"><\/span><span style=\"font-family: Belleza; font-weight: normal;\"><\/span><span style=\"font-family: Belleza; font-weight: normal;\">* Hochwertiger Champagner<\/span><\/p>\n<p><span style=\"font-family: Belleza; font-weight: normal;\">* Nougatpralinen, Karamellschokolade, Gummib\u00e4rchen<\/span><\/p>\n<p><span style=\"font-family: Belleza; font-weight: normal;\">* Exotische Fr\u00fcchte, K\u00e4seplatten<\/span><\/p>\n<p><span style=\"font-family: Belleza; font-weight: normal;\">* Dessous von Agent provocateur, Honey birditte und Bordelle<\/span><\/p>\n<p>[\/et_pb_text][et_pb_button button_url=&#8220;https:\/\/mywishlists.de\/wishs\/view\/00wG7BptoRMd9XPkbQ3ko6RW&#8220; button_text=&#8220;Wunschliste&#8220; button_alignment=&#8220;left&#8220; _builder_version=&#8220;4.21.0&#8243; _module_preset=&#8220;default&#8220; global_colors_info=&#8220;{}&#8220;][\/et_pb_button][\/et_pb_column][\/et_pb_row][\/et_pb_section][et_pb_section fb_built=&#8220;1&#8243; _builder_version=&#8220;4.21.0&#8243; _module_preset=&#8220;default&#8220; global_colors_info=&#8220;{}&#8220;][et_pb_row column_structure=&#8220;1_2,1_2&#8243; _builder_version=&#8220;4.21.0&#8243; _module_preset=&#8220;default&#8220; global_colors_info=&#8220;{}&#8220;][et_pb_column type=&#8220;1_2&#8243; _builder_version=&#8220;4.21.0&#8243; _module_preset=&#8220;default&#8220; global_colors_info=&#8220;{}&#8220;][et_pb_text _builder_version=&#8220;4.21.0&#8243; _module_preset=&#8220;default&#8220; global_colors_info=&#8220;{}&#8220;]<\/p>\n<p><span style=\"font-family: Belleza; font-weight: normal;\">Date Ideen um gemeinsam tolle Erinnerungen zu schaffen&#8230;<\/span><\/p>\n<p><span style=\"font-family: Belleza; font-weight: normal;\">* Beitritt zum Mile High Club<\/span><\/p>\n<p><span style=\"font-family: Belleza; font-weight: normal;\">* Europareise mit dem Orient Express<\/span><\/p>\n<p><span style=\"font-family: Belleza; font-weight: normal;\">* Kunstgalerie oder Museumbesuch<\/span><\/p>\n<p><span style=\"font-family: Belleza; font-weight: normal;\">* Boots oder Yacht-tour <br \/><\/span><\/p>\n<p><span style=\"font-family: Belleza; font-weight: normal;\">* Ein Tag in einer privaten Spa-Suite<\/span><\/p>\n<p><span style=\"font-family: Belleza; font-weight: normal;\">* Ein Supercar f\u00fcr die deutsche Autobahn mieten<\/span><\/p>\n<p><span style=\"font-family: Belleza; font-weight: normal;\">* Kulinarisches Michelin-Stern-Erlebnis<\/span><\/p>\n<p><span style=\"font-family: Belleza; font-weight: normal;\">* Hubschrauberflug<\/span><\/p>\n<p><span style=\"font-family: Belleza; font-weight: normal;\">* Fallschirmspringen \u00fcber den Schweizer Alpen<\/span><\/p>\n<p><span style=\"font-family: Belleza; font-weight: normal;\">Orte, die ich bereisen m\u00f6chte : <\/span><span style=\"font-family: Belleza; font-weight: normal;\">* Japan <\/span><span style=\"font-family: Belleza; font-weight: normal;\">* Paris <\/span><span style=\"font-family: Belleza; font-weight: normal;\">* Malediven <\/span><span style=\"font-family: Belleza; font-weight: normal;\">* Ibiza<\/span><\/p>\n<p><span style=\"font-family: Belleza; font-weight: normal;\">Was ich liebe : <\/span><span style=\"font-family: Belleza; font-weight: normal;\">* Gutes Essen <\/span><span style=\"font-family: Belleza; font-weight: normal;\">* Die Natur erforschen <\/span><span style=\"font-family: Belleza; font-weight: normal;\">* Schwimmen\u00a0\u00a0\u00a0\u00a0\u00a0\u00a0\u00a0\u00a0\u00a0\u00a0\u00a0 <\/span><span style=\"font-family: Belleza; font-weight: normal;\">* Massagen geben oder empfangen <\/span><span style=\"font-family: Belleza; font-weight: normal;\">* Eisb\u00e4der<\/span><\/p>\n<p><span style=\"font-family: Belleza; font-weight: normal;\">Was ich gerne lernen w\u00fcrde :<\/span><span style=\"font-family: Belleza; font-weight: normal;\"> * Tauchen <\/span><span style=\"font-family: Belleza; font-weight: normal;\">* Reiten <\/span><span style=\"font-family: Belleza; font-weight: normal;\">* Golfen <\/span><span style=\"font-family: Belleza; font-weight: normal;\">* Tantra<\/span><\/p>\n<p>[\/et_pb_text][\/et_pb_column][et_pb_column type=&#8220;1_2&#8243; _builder_version=&#8220;4.21.0&#8243; _module_preset=&#8220;default&#8220; global_colors_info=&#8220;{}&#8220;][et_pb_image src=&#8220;https:\/\/johanna-highclass-escort.de\/wp-content\/uploads\/2022\/10\/eZy-Watermark_18-10-2022_10-15-26PM.jpg&#8220; alt=&#8220;Reisebegleitung Johanna&#8220; title_text=&#8220;eZy Watermark_18-10-2022_10-15-26PM&#8220; _builder_version=&#8220;4.21.0&#8243; _module_preset=&#8220;default&#8220; hover_enabled=&#8220;0&#8243; global_colors_info=&#8220;{}&#8220; sticky_enabled=&#8220;0&#8243;]<br \/>\n[\/et_pb_image][\/et_pb_column][\/et_pb_row][\/et_pb_section][et_pb_section fb_built=&#8220;1&#8243; module_class=&#8220;white_font_sec&#8220; _builder_version=&#8220;4.20.0&#8243; _module_preset=&#8220;default&#8220; background_color=&#8220;rgba(15,15,15,0)&#8220; background_image=&#8220;https:\/\/johanna-highclass-escort.de\/wp-content\/uploads\/2022\/03\/Mask-Group-2-min.jpg&#8220; background_blend=&#8220;multiply&#8220; vertical_offset_tablet=&#8220;0&#8243; horizontal_offset_tablet=&#8220;0&#8243; min_height=&#8220;279.3px&#8220; box_shadow_horizontal_tablet=&#8220;0px&#8220; box_shadow_vertical_tablet=&#8220;0px&#8220; box_shadow_blur_tablet=&#8220;40px&#8220; box_shadow_spread_tablet=&#8220;0px&#8220; global_module=&#8220;57399&#8243; locked=&#8220;off&#8220; global_colors_info=&#8220;{}&#8220;][et_pb_row _builder_version=&#8220;4.21.0&#8243; _module_preset=&#8220;default&#8220; global_colors_info=&#8220;{}&#8220;][et_pb_column type=&#8220;4_4&#8243; _builder_version=&#8220;4.21.0&#8243; _module_preset=&#8220;default&#8220; global_colors_info=&#8220;{}&#8220;][et_pb_text _builder_version=&#8220;4.21.0&#8243; _module_preset=&#8220;default&#8220; background_layout=&#8220;dark&#8220; global_colors_info=&#8220;{}&#8220;]<\/p>\n<h2 style=\"text-align: center;\">More private impressions of me and my life&#8230;.<\/h2>\n<p>[\/et_pb_text][et_pb_button button_url=&#8220;https:\/\/twitter.com\/datejohanna&#8220; url_new_window=&#8220;on&#8220; button_text=&#8220;Twitter&#8220; button_alignment=&#8220;center&#8220; _builder_version=&#8220;4.21.0&#8243; _module_preset=&#8220;default&#8220; custom_button=&#8220;on&#8220; button_text_size=&#8220;29px&#8220; global_colors_info=&#8220;{}&#8220;][\/et_pb_button][\/et_pb_column][\/et_pb_row][\/et_pb_section]<\/p>\n","protected":false},"excerpt":{"rendered":"<p>BuchungIch treffe jeden Monat nur ein paar ausgew\u00e4hlten Gentlemen. F\u00fcr mich ist das Wichtigste ein liebevolles, respektvolles und f\u00fcrsorgliches Verhalten. Wie du dich mir n\u00e4herst und mit mir sprichst, wird bestimmen, wie gut wir miteinander harmonieren. Wir spielen beide eine aktive Rolle in der Entstehung einer besonderen Chemie. Um mir zu zeigen, dass du meine [&hellip;]<\/p>\n","protected":false},"author":3,"featured_media":0,"parent":0,"menu_order":0,"comment_status":"closed","ping_status":"closed","template":"","meta":{"_et_pb_use_builder":"on","_et_pb_old_content":"","_et_gb_content_width":"","footnotes":""},"class_list":["post-54625","page","type-page","status-publish","hentry"],"yoast_head":"<!-- This site is optimized with the Yoast SEO plugin v26.3 - https:\/\/yoast.com\/wordpress\/plugins\/seo\/ -->\n<title>Buchung - Independent High Class Escort Johanna<\/title>\n<meta name=\"description\" content=\"Nachdem die Buchung best\u00e4tigt wurde, musst du nur noch auf den Tag warten, an dem es soweit ist. Ich bin auch schon ganz aufgeregt ..\" \/>\n<meta name=\"robots\" content=\"index, follow, max-snippet:-1, max-image-preview:large, max-video-preview:-1\" \/>\n<link rel=\"canonical\" href=\"https:\/\/johanna-highclass-escort.de\/de\/buchung\/\" \/>\n<meta property=\"og:locale\" content=\"de_DE\" \/>\n<meta property=\"og:type\" content=\"article\" \/>\n<meta property=\"og:title\" content=\"Buchung - Independent High Class Escort Johanna\" \/>\n<meta property=\"og:description\" content=\"Nachdem die Buchung best\u00e4tigt wurde, musst du nur noch auf den Tag warten, an dem es soweit ist. Ich bin auch schon ganz aufgeregt ..\" \/>\n<meta property=\"og:url\" content=\"https:\/\/johanna-highclass-escort.de\/de\/buchung\/\" \/>\n<meta property=\"og:site_name\" content=\"Johanna Highclass Escort\" \/>\n<meta property=\"article:modified_time\" content=\"2023-06-21T23:42:04+00:00\" \/>\n<meta name=\"twitter:card\" content=\"summary_large_image\" \/>\n<meta name=\"twitter:label1\" content=\"Gesch\u00e4tzte Lesezeit\" \/>\n\t<meta name=\"twitter:data1\" content=\"5\u00a0Minuten\" \/>\n<script type=\"application\/ld+json\" class=\"yoast-schema-graph\">{\"@context\":\"https:\/\/schema.org\",\"@graph\":[{\"@type\":\"WebPage\",\"@id\":\"https:\/\/johanna-highclass-escort.de\/de\/buchung\/\",\"url\":\"https:\/\/johanna-highclass-escort.de\/de\/buchung\/\",\"name\":\"Buchung - Independent High Class Escort Johanna\",\"isPartOf\":{\"@id\":\"https:\/\/johanna-highclass-escort.de\/de\/#website\"},\"datePublished\":\"2022-03-08T12:13:40+00:00\",\"dateModified\":\"2023-06-21T23:42:04+00:00\",\"description\":\"Nachdem die Buchung best\u00e4tigt wurde, musst du nur noch auf den Tag warten, an dem es soweit ist. Ich bin auch schon ganz aufgeregt ..\",\"breadcrumb\":{\"@id\":\"https:\/\/johanna-highclass-escort.de\/de\/buchung\/#breadcrumb\"},\"inLanguage\":\"de\",\"potentialAction\":[{\"@type\":\"ReadAction\",\"target\":[\"https:\/\/johanna-highclass-escort.de\/de\/buchung\/\"]}]},{\"@type\":\"BreadcrumbList\",\"@id\":\"https:\/\/johanna-highclass-escort.de\/de\/buchung\/#breadcrumb\",\"itemListElement\":[{\"@type\":\"ListItem\",\"position\":1,\"name\":\"Startseite\",\"item\":\"https:\/\/johanna-highclass-escort.de\/de\/\"},{\"@type\":\"ListItem\",\"position\":2,\"name\":\"Buchung\"}]},{\"@type\":\"WebSite\",\"@id\":\"https:\/\/johanna-highclass-escort.de\/de\/#website\",\"url\":\"https:\/\/johanna-highclass-escort.de\/de\/\",\"name\":\"Johanna Highclass Escort\",\"description\":\"Independent High Class Escort aus Leidenschaft\",\"potentialAction\":[{\"@type\":\"SearchAction\",\"target\":{\"@type\":\"EntryPoint\",\"urlTemplate\":\"https:\/\/johanna-highclass-escort.de\/de\/?s={search_term_string}\"},\"query-input\":{\"@type\":\"PropertyValueSpecification\",\"valueRequired\":true,\"valueName\":\"search_term_string\"}}],\"inLanguage\":\"de\"}]}<\/script>\n<!-- \/ Yoast SEO plugin. -->","yoast_head_json":{"title":"Buchung - Independent High Class Escort Johanna","description":"Nachdem die Buchung best\u00e4tigt wurde, musst du nur noch auf den Tag warten, an dem es soweit ist. Ich bin auch schon ganz aufgeregt ..","robots":{"index":"index","follow":"follow","max-snippet":"max-snippet:-1","max-image-preview":"max-image-preview:large","max-video-preview":"max-video-preview:-1"},"canonical":"https:\/\/johanna-highclass-escort.de\/de\/buchung\/","og_locale":"de_DE","og_type":"article","og_title":"Buchung - Independent High Class Escort Johanna","og_description":"Nachdem die Buchung best\u00e4tigt wurde, musst du nur noch auf den Tag warten, an dem es soweit ist. Ich bin auch schon ganz aufgeregt ..","og_url":"https:\/\/johanna-highclass-escort.de\/de\/buchung\/","og_site_name":"Johanna Highclass Escort","article_modified_time":"2023-06-21T23:42:04+00:00","twitter_card":"summary_large_image","twitter_misc":{"Gesch\u00e4tzte Lesezeit":"5\u00a0Minuten"},"schema":{"@context":"https:\/\/schema.org","@graph":[{"@type":"WebPage","@id":"https:\/\/johanna-highclass-escort.de\/de\/buchung\/","url":"https:\/\/johanna-highclass-escort.de\/de\/buchung\/","name":"Buchung - Independent High Class Escort Johanna","isPartOf":{"@id":"https:\/\/johanna-highclass-escort.de\/de\/#website"},"datePublished":"2022-03-08T12:13:40+00:00","dateModified":"2023-06-21T23:42:04+00:00","description":"Nachdem die Buchung best\u00e4tigt wurde, musst du nur noch auf den Tag warten, an dem es soweit ist. Ich bin auch schon ganz aufgeregt ..","breadcrumb":{"@id":"https:\/\/johanna-highclass-escort.de\/de\/buchung\/#breadcrumb"},"inLanguage":"de","potentialAction":[{"@type":"ReadAction","target":["https:\/\/johanna-highclass-escort.de\/de\/buchung\/"]}]},{"@type":"BreadcrumbList","@id":"https:\/\/johanna-highclass-escort.de\/de\/buchung\/#breadcrumb","itemListElement":[{"@type":"ListItem","position":1,"name":"Startseite","item":"https:\/\/johanna-highclass-escort.de\/de\/"},{"@type":"ListItem","position":2,"name":"Buchung"}]},{"@type":"WebSite","@id":"https:\/\/johanna-highclass-escort.de\/de\/#website","url":"https:\/\/johanna-highclass-escort.de\/de\/","name":"Johanna Highclass Escort","description":"Independent High Class Escort aus Leidenschaft","potentialAction":[{"@type":"SearchAction","target":{"@type":"EntryPoint","urlTemplate":"https:\/\/johanna-highclass-escort.de\/de\/?s={search_term_string}"},"query-input":{"@type":"PropertyValueSpecification","valueRequired":true,"valueName":"search_term_string"}}],"inLanguage":"de"}]}},"_links":{"self":[{"href":"https:\/\/johanna-highclass-escort.de\/de\/wp-json\/wp\/v2\/pages\/54625","targetHints":{"allow":["GET"]}}],"collection":[{"href":"https:\/\/johanna-highclass-escort.de\/de\/wp-json\/wp\/v2\/pages"}],"about":[{"href":"https:\/\/johanna-highclass-escort.de\/de\/wp-json\/wp\/v2\/types\/page"}],"author":[{"embeddable":true,"href":"https:\/\/johanna-highclass-escort.de\/de\/wp-json\/wp\/v2\/users\/3"}],"replies":[{"embeddable":true,"href":"https:\/\/johanna-highclass-escort.de\/de\/wp-json\/wp\/v2\/comments?post=54625"}],"version-history":[{"count":0,"href":"https:\/\/johanna-highclass-escort.de\/de\/wp-json\/wp\/v2\/pages\/54625\/revisions"}],"wp:attachment":[{"href":"https:\/\/johanna-highclass-escort.de\/de\/wp-json\/wp\/v2\/media?parent=54625"}],"curies":[{"name":"wp","href":"https:\/\/api.w.org\/{rel}","templated":true}]}}