{"id":56927,"date":"2023-01-23T22:51:44","date_gmt":"2023-01-23T21:51:44","guid":{"rendered":"https:\/\/johanna-highclass-escort.de\/?page_id=56927"},"modified":"2023-10-12T13:13:46","modified_gmt":"2023-10-12T11:13:46","slug":"reisefuehrer","status":"publish","type":"page","link":"https:\/\/johanna-highclass-escort.de\/de\/reisefuehrer\/","title":{"rendered":"Reisef\u00fchrer"},"content":{"rendered":"<p>[et_pb_section bb_built=&#8220;1&#8243; fullwidth=&#8220;on&#8220; _builder_version=&#8220;4.20.2&#8243; _module_preset=&#8220;default&#8220; global_colors_info=&#8220;{}&#8220; next_background_color=&#8220;#000000&#8243;][et_pb_fullwidth_header title=&#8220;Reisef\u00fchrer&#8220; _builder_version=&#8220;4.22.2&#8243; _module_preset=&#8220;default&#8220; title_font=&#8220;Belleza||||||||&#8220; title_text_align=&#8220;center&#8220; title_font_size=&#8220;33px&#8220; content_font=&#8220;Belleza||||||||&#8220; content_text_align=&#8220;center&#8220; global_colors_info=&#8220;{}&#8220; background_pattern_color=&#8220;rgba(0,0,0,0.2)&#8220; background_mask_color=&#8220;#ffffff&#8220; box_shadow_horizontal_image_tablet=&#8220;0px&#8220; box_shadow_vertical_image_tablet=&#8220;0px&#8220; box_shadow_blur_image_tablet=&#8220;40px&#8220; box_shadow_spread_image_tablet=&#8220;0px&#8220; text_shadow_horizontal_length=&#8220;text_shadow_style,%91object Object%93&#8243; text_shadow_horizontal_length_tablet=&#8220;0px&#8220; text_shadow_vertical_length=&#8220;text_shadow_style,%91object Object%93&#8243; text_shadow_vertical_length_tablet=&#8220;0px&#8220; text_shadow_blur_strength=&#8220;text_shadow_style,%91object Object%93&#8243; text_shadow_blur_strength_tablet=&#8220;1px&#8220; title_text_shadow_horizontal_length=&#8220;title_text_shadow_style,%91object Object%93&#8243; title_text_shadow_horizontal_length_tablet=&#8220;0px&#8220; title_text_shadow_vertical_length=&#8220;title_text_shadow_style,%91object Object%93&#8243; title_text_shadow_vertical_length_tablet=&#8220;0px&#8220; title_text_shadow_blur_strength=&#8220;title_text_shadow_style,%91object Object%93&#8243; title_text_shadow_blur_strength_tablet=&#8220;1px&#8220; content_text_shadow_horizontal_length=&#8220;content_text_shadow_style,%91object Object%93&#8243; content_text_shadow_horizontal_length_tablet=&#8220;0px&#8220; content_text_shadow_vertical_length=&#8220;content_text_shadow_style,%91object Object%93&#8243; content_text_shadow_vertical_length_tablet=&#8220;0px&#8220; content_text_shadow_blur_strength=&#8220;content_text_shadow_style,%91object Object%93&#8243; content_text_shadow_blur_strength_tablet=&#8220;1px&#8220; content_link_text_shadow_horizontal_length=&#8220;content_link_text_shadow_style,%91object Object%93&#8243; content_link_text_shadow_horizontal_length_tablet=&#8220;0px&#8220; content_link_text_shadow_vertical_length=&#8220;content_link_text_shadow_style,%91object Object%93&#8243; content_link_text_shadow_vertical_length_tablet=&#8220;0px&#8220; content_link_text_shadow_blur_strength=&#8220;content_link_text_shadow_style,%91object Object%93&#8243; content_link_text_shadow_blur_strength_tablet=&#8220;1px&#8220; content_ul_text_shadow_horizontal_length=&#8220;content_ul_text_shadow_style,%91object Object%93&#8243; content_ul_text_shadow_horizontal_length_tablet=&#8220;0px&#8220; content_ul_text_shadow_vertical_length=&#8220;content_ul_text_shadow_style,%91object Object%93&#8243; content_ul_text_shadow_vertical_length_tablet=&#8220;0px&#8220; content_ul_text_shadow_blur_strength=&#8220;content_ul_text_shadow_style,%91object Object%93&#8243; content_ul_text_shadow_blur_strength_tablet=&#8220;1px&#8220; content_ol_text_shadow_horizontal_length=&#8220;content_ol_text_shadow_style,%91object Object%93&#8243; content_ol_text_shadow_horizontal_length_tablet=&#8220;0px&#8220; content_ol_text_shadow_vertical_length=&#8220;content_ol_text_shadow_style,%91object Object%93&#8243; content_ol_text_shadow_vertical_length_tablet=&#8220;0px&#8220; content_ol_text_shadow_blur_strength=&#8220;content_ol_text_shadow_style,%91object Object%93&#8243; content_ol_text_shadow_blur_strength_tablet=&#8220;1px&#8220; content_quote_text_shadow_horizontal_length=&#8220;content_quote_text_shadow_style,%91object Object%93&#8243; content_quote_text_shadow_horizontal_length_tablet=&#8220;0px&#8220; content_quote_text_shadow_vertical_length=&#8220;content_quote_text_shadow_style,%91object Object%93&#8243; content_quote_text_shadow_vertical_length_tablet=&#8220;0px&#8220; content_quote_text_shadow_blur_strength=&#8220;content_quote_text_shadow_style,%91object Object%93&#8243; content_quote_text_shadow_blur_strength_tablet=&#8220;1px&#8220; subhead_text_shadow_horizontal_length=&#8220;subhead_text_shadow_style,%91object Object%93&#8243; subhead_text_shadow_horizontal_length_tablet=&#8220;0px&#8220; subhead_text_shadow_vertical_length=&#8220;subhead_text_shadow_style,%91object Object%93&#8243; subhead_text_shadow_vertical_length_tablet=&#8220;0px&#8220; subhead_text_shadow_blur_strength=&#8220;subhead_text_shadow_style,%91object Object%93&#8243; subhead_text_shadow_blur_strength_tablet=&#8220;1px&#8220; button_one_text_shadow_horizontal_length=&#8220;button_one_text_shadow_style,%91object Object%93&#8243; button_one_text_shadow_horizontal_length_tablet=&#8220;0px&#8220; button_one_text_shadow_vertical_length=&#8220;button_one_text_shadow_style,%91object Object%93&#8243; button_one_text_shadow_vertical_length_tablet=&#8220;0px&#8220; button_one_text_shadow_blur_strength=&#8220;button_one_text_shadow_style,%91object Object%93&#8243; button_one_text_shadow_blur_strength_tablet=&#8220;1px&#8220; box_shadow_horizontal_button_one_tablet=&#8220;0px&#8220; box_shadow_vertical_button_one_tablet=&#8220;0px&#8220; box_shadow_blur_button_one_tablet=&#8220;40px&#8220; box_shadow_spread_button_one_tablet=&#8220;0px&#8220; button_two_text_shadow_horizontal_length=&#8220;button_two_text_shadow_style,%91object Object%93&#8243; button_two_text_shadow_horizontal_length_tablet=&#8220;0px&#8220; button_two_text_shadow_vertical_length=&#8220;button_two_text_shadow_style,%91object Object%93&#8243; button_two_text_shadow_vertical_length_tablet=&#8220;0px&#8220; button_two_text_shadow_blur_strength=&#8220;button_two_text_shadow_style,%91object Object%93&#8243; button_two_text_shadow_blur_strength_tablet=&#8220;1px&#8220; box_shadow_horizontal_button_two_tablet=&#8220;0px&#8220; box_shadow_vertical_button_two_tablet=&#8220;0px&#8220; box_shadow_blur_button_two_tablet=&#8220;40px&#8220; box_shadow_spread_button_two_tablet=&#8220;0px&#8220; box_shadow_horizontal_tablet=&#8220;0px&#8220; box_shadow_vertical_tablet=&#8220;0px&#8220; box_shadow_blur_tablet=&#8220;40px&#8220; box_shadow_spread_tablet=&#8220;0px&#8220; vertical_offset_tablet=&#8220;0&#8243; horizontal_offset_tablet=&#8220;0&#8243; z_index_tablet=&#8220;0&#8243;]<\/p>\n<p style=\"text-align: center;\">In meinem Reisef\u00fchrer erf\u00e4hrst du mehr \u00fcber all die sehenswerten Orte, die du zusammen mit mir erleben kannst&#8230; Ich habe viele dieser Orte bereits besucht und kann dir gerne Tipps und Ratschl\u00e4ge bei der Planung eines gemeinsamen Ausflugs oder l\u00e4ngeren Urlaubs geben.<\/p>\n<p>[\/et_pb_fullwidth_header][\/et_pb_section][et_pb_section bb_built=&#8220;1&#8243; _builder_version=&#8220;4.21.0&#8243; _module_preset=&#8220;default&#8220; background_image=&#8220;https:\/\/johanna-highclass-escort.de\/wp-content\/uploads\/2023\/04\/Mallorca.jpg&#8220; background_position=&#8220;bottom_center&#8220; global_colors_info=&#8220;{}&#8220; prev_background_color=&#8220;#ffffff&#8220; next_background_color=&#8220;#ffffff&#8220;][et_pb_row _builder_version=&#8220;4.21.0&#8243; _module_preset=&#8220;default&#8220; global_colors_info=&#8220;{}&#8220;][et_pb_column type=&#8220;4_4&#8243; _builder_version=&#8220;4.21.0&#8243; _module_preset=&#8220;default&#8220; global_colors_info=&#8220;{}&#8220;][et_pb_button button_url=&#8220;https:\/\/johanna-highclass-escort.de\/mallorca-escort\/&#8220; button_text=&#8220;Mallorca&#8220; button_alignment=&#8220;center&#8220; _builder_version=&#8220;4.21.0&#8243; _module_preset=&#8220;default&#8220; hover_enabled=&#8220;0&#8243; box_shadow_style=&#8220;preset4&#8243; global_colors_info=&#8220;{}&#8220; custom_button=&#8220;on&#8220; button_bg_color=&#8220;#FFFFFF&#8220; button_bg_enable_color=&#8220;on&#8220; sticky_enabled=&#8220;0&#8243; \/][\/et_pb_column][\/et_pb_row][\/et_pb_section][et_pb_section bb_built=&#8220;1&#8243; _builder_version=&#8220;4.21.0&#8243; _module_preset=&#8220;default&#8220; background_image=&#8220;https:\/\/johanna-highclass-escort.de\/wp-content\/uploads\/2023\/04\/Duesseldorf.jpg&#8220; global_colors_info=&#8220;{}&#8220; prev_background_color=&#8220;#ffffff&#8220; next_background_color=&#8220;#ffffff&#8220;][et_pb_row _builder_version=&#8220;4.21.0&#8243; _module_preset=&#8220;default&#8220; global_colors_info=&#8220;{}&#8220;][et_pb_column type=&#8220;4_4&#8243; _builder_version=&#8220;4.21.0&#8243; _module_preset=&#8220;default&#8220; global_colors_info=&#8220;{}&#8220;][et_pb_button button_url=&#8220;https:\/\/johanna-highclass-escort.de\/duesseldorf-escort\/&#8220; button_text=&#8220;D\u00fcsseldorf&#8220; button_alignment=&#8220;center&#8220; _builder_version=&#8220;4.21.0&#8243; _module_preset=&#8220;default&#8220; hover_enabled=&#8220;0&#8243; box_shadow_style=&#8220;preset4&#8243; global_colors_info=&#8220;{}&#8220; custom_button=&#8220;on&#8220; button_bg_color=&#8220;#FFFFFF&#8220; button_bg_enable_color=&#8220;on&#8220; sticky_enabled=&#8220;0&#8243; \/][\/et_pb_column][\/et_pb_row][\/et_pb_section][et_pb_section bb_built=&#8220;1&#8243; _builder_version=&#8220;4.21.0&#8243; _module_preset=&#8220;default&#8220; background_image=&#8220;https:\/\/johanna-highclass-escort.de\/wp-content\/uploads\/2023\/04\/Frankfurt.jpg&#8220; global_colors_info=&#8220;{}&#8220; prev_background_color=&#8220;#ffffff&#8220; next_background_color=&#8220;#ffffff&#8220;][et_pb_row _builder_version=&#8220;4.21.0&#8243; _module_preset=&#8220;default&#8220; global_colors_info=&#8220;{}&#8220;][et_pb_column type=&#8220;4_4&#8243; _builder_version=&#8220;4.21.0&#8243; _module_preset=&#8220;default&#8220; global_colors_info=&#8220;{}&#8220;][et_pb_button button_url=&#8220;https:\/\/johanna-highclass-escort.de\/frankfurt-main-escort\/&#8220; button_text=&#8220;Frankfurt&#8220; button_alignment=&#8220;center&#8220; _builder_version=&#8220;4.21.0&#8243; _module_preset=&#8220;default&#8220; hover_enabled=&#8220;0&#8243; box_shadow_style=&#8220;preset4&#8243; global_colors_info=&#8220;{}&#8220; custom_button=&#8220;on&#8220; button_bg_color=&#8220;#FFFFFF&#8220; button_bg_enable_color=&#8220;on&#8220; sticky_enabled=&#8220;0&#8243; \/][\/et_pb_column][\/et_pb_row][\/et_pb_section][et_pb_section bb_built=&#8220;1&#8243; _builder_version=&#8220;4.21.0&#8243; _module_preset=&#8220;default&#8220; background_image=&#8220;https:\/\/johanna-highclass-escort.de\/wp-content\/uploads\/2023\/04\/Hamburg.jpg&#8220; global_colors_info=&#8220;{}&#8220; prev_background_color=&#8220;#ffffff&#8220; next_background_color=&#8220;#F3F3F3&#8243;][et_pb_row _builder_version=&#8220;4.21.0&#8243; _module_preset=&#8220;default&#8220; global_colors_info=&#8220;{}&#8220;][et_pb_column type=&#8220;4_4&#8243; _builder_version=&#8220;4.21.0&#8243; _module_preset=&#8220;default&#8220; global_colors_info=&#8220;{}&#8220;][et_pb_button button_url=&#8220;https:\/\/johanna-highclass-escort.de\/hamburg\/&#8220; button_text=&#8220;Hamburg&#8220; button_alignment=&#8220;center&#8220; _builder_version=&#8220;4.21.0&#8243; _module_preset=&#8220;default&#8220; hover_enabled=&#8220;0&#8243; box_shadow_style=&#8220;preset4&#8243; global_colors_info=&#8220;{}&#8220; custom_button=&#8220;on&#8220; button_bg_color=&#8220;#FFFFFF&#8220; button_bg_enable_color=&#8220;on&#8220; sticky_enabled=&#8220;0&#8243; \/][\/et_pb_column][\/et_pb_row][\/et_pb_section][et_pb_section bb_built=&#8220;1&#8243; _builder_version=&#8220;4.21.0&#8243; _module_preset=&#8220;default&#8220; background_color=&#8220;#F3F3F3&#8243; min_height=&#8220;2366.3px&#8220; saved_tabs=&#8220;all&#8220; global_colors_info=&#8220;{}&#8220; prev_background_color=&#8220;#ffffff&#8220; next_background_color=&#8220;rgba(15,15,15,0)&#8220; global_module=&#8220;57363&#8243;][et_pb_row global_parent=&#8220;57363&#8243; _builder_version=&#8220;4.21.0&#8243; _module_preset=&#8220;default&#8220; global_colors_info=&#8220;{}&#8220;][et_pb_column type=&#8220;4_4&#8243; global_parent=&#8220;57363&#8243; _builder_version=&#8220;4.21.0&#8243; _module_preset=&#8220;default&#8220; global_colors_info=&#8220;{}&#8220;][et_pb_text global_parent=&#8220;57363&#8243; _builder_version=&#8220;4.21.0&#8243; _module_preset=&#8220;default&#8220; hover_enabled=&#8220;0&#8243; global_colors_info=&#8220;{}&#8220; sticky_enabled=&#8220;0&#8243;]<\/p>\n<h2 style=\"text-align: center;\">Feedback<\/h2>\n<p>[\/et_pb_text][\/et_pb_column][\/et_pb_row][et_pb_row global_parent=&#8220;57363&#8243; column_structure=&#8220;1_2,1_2&#8243; _builder_version=&#8220;4.21.0&#8243; _module_preset=&#8220;default&#8220; global_colors_info=&#8220;{}&#8220;][et_pb_column type=&#8220;1_2&#8243; global_parent=&#8220;57363&#8243; _builder_version=&#8220;4.21.0&#8243; _module_preset=&#8220;default&#8220; global_colors_info=&#8220;{}&#8220;][et_pb_image global_parent=&#8220;57363&#8243; src=&#8220;https:\/\/johanna-highclass-escort.de\/wp-content\/uploads\/2023\/04\/5a.jpg&#8220; title_text=&#8220;5a&#8220; _builder_version=&#8220;4.21.0&#8243; _module_preset=&#8220;default&#8220; global_colors_info=&#8220;{}&#8220; \/][\/et_pb_column][et_pb_column type=&#8220;1_2&#8243; global_parent=&#8220;57363&#8243; _builder_version=&#8220;4.21.0&#8243; _module_preset=&#8220;default&#8220; global_colors_info=&#8220;{}&#8220;][et_pb_image global_parent=&#8220;57363&#8243; src=&#8220;https:\/\/johanna-highclass-escort.de\/wp-content\/uploads\/2023\/04\/5b.jpg&#8220; title_text=&#8220;5b&#8220; _builder_version=&#8220;4.21.0&#8243; _module_preset=&#8220;default&#8220; global_colors_info=&#8220;{}&#8220; \/][\/et_pb_column][\/et_pb_row][et_pb_row global_parent=&#8220;57363&#8243; column_structure=&#8220;1_2,1_2&#8243; _builder_version=&#8220;4.20.4&#8243; _module_preset=&#8220;default&#8220; global_colors_info=&#8220;{}&#8220;][et_pb_column type=&#8220;1_2&#8243; global_parent=&#8220;57363&#8243; _builder_version=&#8220;4.20.4&#8243; _module_preset=&#8220;default&#8220; global_colors_info=&#8220;{}&#8220;][et_pb_image global_parent=&#8220;57363&#8243; src=&#8220;https:\/\/johanna-highclass-escort.de\/wp-content\/uploads\/2023\/04\/2a.jpg&#8220; title_text=&#8220;2a&#8220; _builder_version=&#8220;4.20.4&#8243; _module_preset=&#8220;default&#8220; global_colors_info=&#8220;{}&#8220; \/][\/et_pb_column][et_pb_column type=&#8220;1_2&#8243; global_parent=&#8220;57363&#8243; _builder_version=&#8220;4.20.4&#8243; _module_preset=&#8220;default&#8220; global_colors_info=&#8220;{}&#8220;][et_pb_image global_parent=&#8220;57363&#8243; src=&#8220;https:\/\/johanna-highclass-escort.de\/wp-content\/uploads\/2023\/04\/2b.jpg&#8220; title_text=&#8220;2b&#8220; _builder_version=&#8220;4.21.0&#8243; _module_preset=&#8220;default&#8220; global_colors_info=&#8220;{}&#8220; \/][\/et_pb_column][\/et_pb_row][et_pb_row global_parent=&#8220;57363&#8243; column_structure=&#8220;1_2,1_2&#8243; _builder_version=&#8220;4.20.4&#8243; _module_preset=&#8220;default&#8220; global_colors_info=&#8220;{}&#8220;][et_pb_column type=&#8220;1_2&#8243; global_parent=&#8220;57363&#8243; _builder_version=&#8220;4.20.4&#8243; _module_preset=&#8220;default&#8220; global_colors_info=&#8220;{}&#8220;][et_pb_image global_parent=&#8220;57363&#8243; src=&#8220;https:\/\/johanna-highclass-escort.de\/wp-content\/uploads\/2023\/04\/3.jpg&#8220; title_text=&#8220;3&#8243; _builder_version=&#8220;4.21.0&#8243; _module_preset=&#8220;default&#8220; global_colors_info=&#8220;{}&#8220; \/][\/et_pb_column][et_pb_column type=&#8220;1_2&#8243; global_parent=&#8220;57363&#8243; _builder_version=&#8220;4.20.4&#8243; _module_preset=&#8220;default&#8220; global_colors_info=&#8220;{}&#8220;][et_pb_image global_parent=&#8220;57363&#8243; src=&#8220;https:\/\/johanna-highclass-escort.de\/wp-content\/uploads\/2023\/04\/3a.jpg&#8220; title_text=&#8220;3a&#8220; _builder_version=&#8220;4.21.0&#8243; _module_preset=&#8220;default&#8220; global_colors_info=&#8220;{}&#8220; \/][et_pb_image global_parent=&#8220;57363&#8243; src=&#8220;https:\/\/johanna-highclass-escort.de\/wp-content\/uploads\/2023\/04\/3b.jpg&#8220; title_text=&#8220;3b&#8220; _builder_version=&#8220;4.21.0&#8243; _module_preset=&#8220;default&#8220; global_colors_info=&#8220;{}&#8220; \/][\/et_pb_column][\/et_pb_row][et_pb_row global_parent=&#8220;57363&#8243; column_structure=&#8220;1_2,1_2&#8243; _builder_version=&#8220;4.20.4&#8243; _module_preset=&#8220;default&#8220; global_colors_info=&#8220;{}&#8220;][et_pb_column type=&#8220;1_2&#8243; global_parent=&#8220;57363&#8243; _builder_version=&#8220;4.20.4&#8243; _module_preset=&#8220;default&#8220; global_colors_info=&#8220;{}&#8220;][et_pb_image global_parent=&#8220;57363&#8243; src=&#8220;https:\/\/johanna-highclass-escort.de\/wp-content\/uploads\/2023\/04\/1.jpg&#8220; title_text=&#8220;1&#8243; _builder_version=&#8220;4.21.0&#8243; _module_preset=&#8220;default&#8220; global_colors_info=&#8220;{}&#8220; \/][\/et_pb_column][et_pb_column type=&#8220;1_2&#8243; global_parent=&#8220;57363&#8243; _builder_version=&#8220;4.20.4&#8243; _module_preset=&#8220;default&#8220; global_colors_info=&#8220;{}&#8220;][et_pb_image global_parent=&#8220;57363&#8243; src=&#8220;https:\/\/johanna-highclass-escort.de\/wp-content\/uploads\/2023\/04\/4.jpg&#8220; title_text=&#8220;4&#8243; _builder_version=&#8220;4.21.0&#8243; _module_preset=&#8220;default&#8220; global_colors_info=&#8220;{}&#8220; \/][\/et_pb_column][\/et_pb_row][\/et_pb_section][et_pb_section bb_built=&#8220;1&#8243; module_class=&#8220;white_font_sec&#8220; _builder_version=&#8220;4.20.0&#8243; _module_preset=&#8220;default&#8220; background_color=&#8220;rgba(15,15,15,0)&#8220; background_image=&#8220;https:\/\/johanna-highclass-escort.de\/wp-content\/uploads\/2022\/03\/Mask-Group-2-min.jpg&#8220; background_blend=&#8220;multiply&#8220; vertical_offset_tablet=&#8220;0&#8243; horizontal_offset_tablet=&#8220;0&#8243; min_height=&#8220;279.3px&#8220; box_shadow_horizontal_tablet=&#8220;0px&#8220; box_shadow_vertical_tablet=&#8220;0px&#8220; box_shadow_blur_tablet=&#8220;40px&#8220; box_shadow_spread_tablet=&#8220;0px&#8220; locked=&#8220;off&#8220; global_colors_info=&#8220;{}&#8220; theme_builder_area=&#8220;post_content&#8220; prev_background_color=&#8220;#F3F3F3&#8243; global_module=&#8220;57399&#8243;][et_pb_row global_parent=&#8220;57399&#8243; _builder_version=&#8220;4.21.0&#8243; _module_preset=&#8220;default&#8220; global_colors_info=&#8220;{}&#8220; theme_builder_area=&#8220;post_content&#8220;][et_pb_column type=&#8220;4_4&#8243; global_parent=&#8220;57399&#8243; _builder_version=&#8220;4.21.0&#8243; _module_preset=&#8220;default&#8220; global_colors_info=&#8220;{}&#8220; theme_builder_area=&#8220;post_content&#8220;][et_pb_text global_parent=&#8220;57399&#8243; _builder_version=&#8220;4.21.0&#8243; _module_preset=&#8220;default&#8220; background_layout=&#8220;dark&#8220; hover_enabled=&#8220;0&#8243; global_colors_info=&#8220;{}&#8220; theme_builder_area=&#8220;post_content&#8220; sticky_enabled=&#8220;0&#8243;]<\/p>\n<h2 style=\"text-align: center;\">More private impressions of me and my life&#8230;.<\/h2>\n<p>[\/et_pb_text][et_pb_button global_parent=&#8220;57399&#8243; button_url=&#8220;https:\/\/twitter.com\/datejohanna&#8220; url_new_window=&#8220;on&#8220; button_text=&#8220;Twitter&#8220; button_alignment=&#8220;center&#8220; _builder_version=&#8220;4.21.0&#8243; _module_preset=&#8220;default&#8220; custom_button=&#8220;on&#8220; button_text_size=&#8220;29px&#8220; hover_enabled=&#8220;0&#8243; global_colors_info=&#8220;{}&#8220; theme_builder_area=&#8220;post_content&#8220; sticky_enabled=&#8220;0&#8243; \/][\/et_pb_column][\/et_pb_row][\/et_pb_section]<\/p>\n","protected":false},"excerpt":{"rendered":"<p>In meinem Reisef\u00fchrer erf\u00e4hrst du mehr \u00fcber all die sehenswerten Orte, die du zusammen mit mir erleben kannst&#8230; Ich habe viele dieser Orte bereits besucht und kann dir gerne Tipps und Ratschl\u00e4ge bei der Planung eines gemeinsamen Ausflugs oder l\u00e4ngeren Urlaubs geben. Feedback More private impressions of me and my life&#8230;.<\/p>\n","protected":false},"author":4,"featured_media":0,"parent":0,"menu_order":0,"comment_status":"closed","ping_status":"closed","template":"","meta":{"_et_pb_use_builder":"on","_et_pb_old_content":"","_et_gb_content_width":"","footnotes":""},"class_list":["post-56927","page","type-page","status-publish","hentry"],"yoast_head":"<!-- This site is optimized with the Yoast SEO plugin v26.3 - https:\/\/yoast.com\/wordpress\/plugins\/seo\/ -->\n<title>Reisef\u00fchrer - Johanna Highclass Escort<\/title>\n<meta name=\"description\" content=\"In meinem Reisef\u00fchrer erf\u00e4hrst du mehr \u00fcber all die sehenswerten Orte, die du zusammen mit mir erleben kannst...\" \/>\n<meta name=\"robots\" content=\"index, follow, max-snippet:-1, max-image-preview:large, max-video-preview:-1\" \/>\n<link rel=\"canonical\" href=\"https:\/\/johanna-highclass-escort.de\/de\/reisefuehrer\/\" \/>\n<meta property=\"og:locale\" content=\"de_DE\" \/>\n<meta property=\"og:type\" content=\"article\" \/>\n<meta property=\"og:title\" content=\"Reisef\u00fchrer - Johanna Highclass Escort\" \/>\n<meta property=\"og:description\" content=\"In meinem Reisef\u00fchrer erf\u00e4hrst du mehr \u00fcber all die sehenswerten Orte, die du zusammen mit mir erleben kannst...\" \/>\n<meta property=\"og:url\" content=\"https:\/\/johanna-highclass-escort.de\/de\/reisefuehrer\/\" \/>\n<meta property=\"og:site_name\" content=\"Johanna Highclass Escort\" \/>\n<meta property=\"article:modified_time\" content=\"2023-10-12T11:13:46+00:00\" \/>\n<meta name=\"twitter:card\" content=\"summary_large_image\" \/>\n<meta name=\"twitter:label1\" content=\"Gesch\u00e4tzte Lesezeit\" \/>\n\t<meta name=\"twitter:data1\" content=\"2\u00a0Minuten\" \/>\n<script type=\"application\/ld+json\" class=\"yoast-schema-graph\">{\"@context\":\"https:\/\/schema.org\",\"@graph\":[{\"@type\":\"WebPage\",\"@id\":\"https:\/\/johanna-highclass-escort.de\/de\/reisefuehrer\/\",\"url\":\"https:\/\/johanna-highclass-escort.de\/de\/reisefuehrer\/\",\"name\":\"Reisef\u00fchrer - Johanna Highclass Escort\",\"isPartOf\":{\"@id\":\"https:\/\/johanna-highclass-escort.de\/de\/#website\"},\"datePublished\":\"2023-01-23T21:51:44+00:00\",\"dateModified\":\"2023-10-12T11:13:46+00:00\",\"description\":\"In meinem Reisef\u00fchrer erf\u00e4hrst du mehr \u00fcber all die sehenswerten Orte, die du zusammen mit mir erleben kannst...\",\"breadcrumb\":{\"@id\":\"https:\/\/johanna-highclass-escort.de\/de\/reisefuehrer\/#breadcrumb\"},\"inLanguage\":\"de\",\"potentialAction\":[{\"@type\":\"ReadAction\",\"target\":[\"https:\/\/johanna-highclass-escort.de\/de\/reisefuehrer\/\"]}]},{\"@type\":\"BreadcrumbList\",\"@id\":\"https:\/\/johanna-highclass-escort.de\/de\/reisefuehrer\/#breadcrumb\",\"itemListElement\":[{\"@type\":\"ListItem\",\"position\":1,\"name\":\"Startseite\",\"item\":\"https:\/\/johanna-highclass-escort.de\/de\/\"},{\"@type\":\"ListItem\",\"position\":2,\"name\":\"Reisef\u00fchrer\"}]},{\"@type\":\"WebSite\",\"@id\":\"https:\/\/johanna-highclass-escort.de\/de\/#website\",\"url\":\"https:\/\/johanna-highclass-escort.de\/de\/\",\"name\":\"Johanna Highclass Escort\",\"description\":\"Independent High Class Escort aus Leidenschaft\",\"potentialAction\":[{\"@type\":\"SearchAction\",\"target\":{\"@type\":\"EntryPoint\",\"urlTemplate\":\"https:\/\/johanna-highclass-escort.de\/de\/?s={search_term_string}\"},\"query-input\":{\"@type\":\"PropertyValueSpecification\",\"valueRequired\":true,\"valueName\":\"search_term_string\"}}],\"inLanguage\":\"de\"}]}<\/script>\n<!-- \/ Yoast SEO plugin. -->","yoast_head_json":{"title":"Reisef\u00fchrer - Johanna Highclass Escort","description":"In meinem Reisef\u00fchrer erf\u00e4hrst du mehr \u00fcber all die sehenswerten Orte, die du zusammen mit mir erleben kannst...","robots":{"index":"index","follow":"follow","max-snippet":"max-snippet:-1","max-image-preview":"max-image-preview:large","max-video-preview":"max-video-preview:-1"},"canonical":"https:\/\/johanna-highclass-escort.de\/de\/reisefuehrer\/","og_locale":"de_DE","og_type":"article","og_title":"Reisef\u00fchrer - Johanna Highclass Escort","og_description":"In meinem Reisef\u00fchrer erf\u00e4hrst du mehr \u00fcber all die sehenswerten Orte, die du zusammen mit mir erleben kannst...","og_url":"https:\/\/johanna-highclass-escort.de\/de\/reisefuehrer\/","og_site_name":"Johanna Highclass Escort","article_modified_time":"2023-10-12T11:13:46+00:00","twitter_card":"summary_large_image","twitter_misc":{"Gesch\u00e4tzte Lesezeit":"2\u00a0Minuten"},"schema":{"@context":"https:\/\/schema.org","@graph":[{"@type":"WebPage","@id":"https:\/\/johanna-highclass-escort.de\/de\/reisefuehrer\/","url":"https:\/\/johanna-highclass-escort.de\/de\/reisefuehrer\/","name":"Reisef\u00fchrer - Johanna Highclass Escort","isPartOf":{"@id":"https:\/\/johanna-highclass-escort.de\/de\/#website"},"datePublished":"2023-01-23T21:51:44+00:00","dateModified":"2023-10-12T11:13:46+00:00","description":"In meinem Reisef\u00fchrer erf\u00e4hrst du mehr \u00fcber all die sehenswerten Orte, die du zusammen mit mir erleben kannst...","breadcrumb":{"@id":"https:\/\/johanna-highclass-escort.de\/de\/reisefuehrer\/#breadcrumb"},"inLanguage":"de","potentialAction":[{"@type":"ReadAction","target":["https:\/\/johanna-highclass-escort.de\/de\/reisefuehrer\/"]}]},{"@type":"BreadcrumbList","@id":"https:\/\/johanna-highclass-escort.de\/de\/reisefuehrer\/#breadcrumb","itemListElement":[{"@type":"ListItem","position":1,"name":"Startseite","item":"https:\/\/johanna-highclass-escort.de\/de\/"},{"@type":"ListItem","position":2,"name":"Reisef\u00fchrer"}]},{"@type":"WebSite","@id":"https:\/\/johanna-highclass-escort.de\/de\/#website","url":"https:\/\/johanna-highclass-escort.de\/de\/","name":"Johanna Highclass Escort","description":"Independent High Class Escort aus Leidenschaft","potentialAction":[{"@type":"SearchAction","target":{"@type":"EntryPoint","urlTemplate":"https:\/\/johanna-highclass-escort.de\/de\/?s={search_term_string}"},"query-input":{"@type":"PropertyValueSpecification","valueRequired":true,"valueName":"search_term_string"}}],"inLanguage":"de"}]}},"_links":{"self":[{"href":"https:\/\/johanna-highclass-escort.de\/de\/wp-json\/wp\/v2\/pages\/56927","targetHints":{"allow":["GET"]}}],"collection":[{"href":"https:\/\/johanna-highclass-escort.de\/de\/wp-json\/wp\/v2\/pages"}],"about":[{"href":"https:\/\/johanna-highclass-escort.de\/de\/wp-json\/wp\/v2\/types\/page"}],"author":[{"embeddable":true,"href":"https:\/\/johanna-highclass-escort.de\/de\/wp-json\/wp\/v2\/users\/4"}],"replies":[{"embeddable":true,"href":"https:\/\/johanna-highclass-escort.de\/de\/wp-json\/wp\/v2\/comments?post=56927"}],"version-history":[{"count":0,"href":"https:\/\/johanna-highclass-escort.de\/de\/wp-json\/wp\/v2\/pages\/56927\/revisions"}],"wp:attachment":[{"href":"https:\/\/johanna-highclass-escort.de\/de\/wp-json\/wp\/v2\/media?parent=56927"}],"curies":[{"name":"wp","href":"https:\/\/api.w.org\/{rel}","templated":true}]}}