{"id":56992,"date":"2023-03-14T20:35:59","date_gmt":"2023-03-14T19:35:59","guid":{"rendered":"https:\/\/johanna-highclass-escort.de\/?page_id=56992"},"modified":"2023-12-30T11:40:53","modified_gmt":"2023-12-30T10:40:53","slug":"honorar","status":"publish","type":"page","link":"https:\/\/johanna-highclass-escort.de\/de\/honorar\/","title":{"rendered":"Honorar"},"content":{"rendered":"<p>[et_pb_section fb_built=&#8220;1&#8243; _builder_version=&#8220;4.21.0&#8243; _module_preset=&#8220;default&#8220; background_image=&#8220;https:\/\/johanna-highclass-escort.de\/wp-content\/uploads\/2022\/03\/Mask-Group-3-min.jpg&#8220; global_colors_info=&#8220;{}&#8220;][et_pb_row _builder_version=&#8220;4.21.0&#8243; _module_preset=&#8220;default&#8220; global_colors_info=&#8220;{}&#8220;][et_pb_column type=&#8220;4_4&#8243; _builder_version=&#8220;4.21.0&#8243; _module_preset=&#8220;default&#8220; global_colors_info=&#8220;{}&#8220;][et_pb_text _builder_version=&#8220;4.22.2&#8243; _module_preset=&#8220;default&#8220; vertical_offset_tablet=&#8220;0&#8243; horizontal_offset_tablet=&#8220;0&#8243; background_layout=&#8220;dark&#8220; z_index_tablet=&#8220;0&#8243; text_text_shadow_horizontal_length_tablet=&#8220;0px&#8220; text_text_shadow_vertical_length_tablet=&#8220;0px&#8220; text_text_shadow_blur_strength_tablet=&#8220;1px&#8220; link_text_shadow_horizontal_length_tablet=&#8220;0px&#8220; link_text_shadow_vertical_length_tablet=&#8220;0px&#8220; link_text_shadow_blur_strength_tablet=&#8220;1px&#8220; ul_text_shadow_horizontal_length_tablet=&#8220;0px&#8220; ul_text_shadow_vertical_length_tablet=&#8220;0px&#8220; ul_text_shadow_blur_strength_tablet=&#8220;1px&#8220; ol_text_shadow_horizontal_length_tablet=&#8220;0px&#8220; ol_text_shadow_vertical_length_tablet=&#8220;0px&#8220; ol_text_shadow_blur_strength_tablet=&#8220;1px&#8220; quote_text_shadow_horizontal_length_tablet=&#8220;0px&#8220; quote_text_shadow_vertical_length_tablet=&#8220;0px&#8220; quote_text_shadow_blur_strength_tablet=&#8220;1px&#8220; header_text_shadow_horizontal_length_tablet=&#8220;0px&#8220; header_text_shadow_vertical_length_tablet=&#8220;0px&#8220; header_text_shadow_blur_strength_tablet=&#8220;1px&#8220; header_2_text_shadow_horizontal_length_tablet=&#8220;0px&#8220; header_2_text_shadow_vertical_length_tablet=&#8220;0px&#8220; header_2_text_shadow_blur_strength_tablet=&#8220;1px&#8220; header_3_text_shadow_horizontal_length_tablet=&#8220;0px&#8220; header_3_text_shadow_vertical_length_tablet=&#8220;0px&#8220; header_3_text_shadow_blur_strength_tablet=&#8220;1px&#8220; header_4_text_shadow_horizontal_length_tablet=&#8220;0px&#8220; header_4_text_shadow_vertical_length_tablet=&#8220;0px&#8220; header_4_text_shadow_blur_strength_tablet=&#8220;1px&#8220; header_5_text_shadow_horizontal_length_tablet=&#8220;0px&#8220; header_5_text_shadow_vertical_length_tablet=&#8220;0px&#8220; header_5_text_shadow_blur_strength_tablet=&#8220;1px&#8220; header_6_text_shadow_horizontal_length_tablet=&#8220;0px&#8220; header_6_text_shadow_vertical_length_tablet=&#8220;0px&#8220; header_6_text_shadow_blur_strength_tablet=&#8220;1px&#8220; box_shadow_horizontal_tablet=&#8220;0px&#8220; box_shadow_vertical_tablet=&#8220;0px&#8220; box_shadow_blur_tablet=&#8220;40px&#8220; box_shadow_spread_tablet=&#8220;0px&#8220; global_colors_info=&#8220;{}&#8220;]<\/p>\n<h1 style=\"text-align: center;\">Honorar und Etikette<\/h1>\n<p>[\/et_pb_text][\/et_pb_column][\/et_pb_row][\/et_pb_section][et_pb_section fb_built=&#8220;1&#8243; _builder_version=&#8220;4.21.0&#8243; _module_preset=&#8220;default&#8220; background_color=&#8220;#FFFFFF&#8220; global_colors_info=&#8220;{}&#8220;][et_pb_row column_structure=&#8220;1_2,1_2&#8243; _builder_version=&#8220;4.21.0&#8243; _module_preset=&#8220;default&#8220; global_colors_info=&#8220;{}&#8220;][et_pb_column type=&#8220;1_2&#8243; _builder_version=&#8220;4.21.0&#8243; _module_preset=&#8220;default&#8220; global_colors_info=&#8220;{}&#8220;][et_pb_image src=&#8220;https:\/\/johanna-highclass-escort.de\/wp-content\/uploads\/2023\/02\/eZy-Watermark_17-02-2023_09-15-15PM.jpg&#8220; title_text=&#8220;Honorar High Class Escort Johanna&#8220; _builder_version=&#8220;4.20.2&#8243; _module_preset=&#8220;default&#8220; global_colors_info=&#8220;{}&#8220;][\/et_pb_image][\/et_pb_column][et_pb_column type=&#8220;1_2&#8243; _builder_version=&#8220;4.21.0&#8243; _module_preset=&#8220;default&#8220; global_colors_info=&#8220;{}&#8220;][et_pb_text _builder_version=&#8220;4.22.2&#8243; _module_preset=&#8220;default&#8220; hover_enabled=&#8220;0&#8243; global_colors_info=&#8220;{}&#8220; sticky_enabled=&#8220;0&#8243;]<\/p>\n<p style=\"text-align: left;\"><span style=\"font-family: Belleza; font-weight: normal;\">Mein Honorar ist unverhandelbar und gilt nur f\u00fcr die Zeit, die ich mit dir verbringen werde. Alles was zwischen uns passiert sind einvernehmliche Handlungen zwischen zwei Erwachsenen.<\/span><em><span style=\"font-family: Belleza; font-weight: normal;\"><\/span><\/em><\/p>\n<p style=\"text-align: left;\"><em><span style=\"font-family: Belleza; font-weight: normal;\">Busy Gentlemen 1h \u2013 900 Euro \/ 3600 Aed \/ 1300 SGD \/ 1500 AUD<br \/><\/span><\/em><\/p>\n<p style=\"text-align: left;\"><em><span style=\"font-family: Belleza; font-weight: normal;\">Sexy Encounter 2h \u2013 1200 Euro \/ 4800 Aed \/ 1700 SGD \/ 2000 AUD<br \/><\/span><\/em><\/p>\n<p style=\"text-align: left;\"><em><span style=\"font-family: Belleza; font-weight: normal;\">Snacks &amp; Drinks 3h \u2013 1500 Euro \/ 6000 Aed \/ 2200 SGD \/ 2400 AUD<br \/><\/span><\/em><\/p>\n<p style=\"text-align: left;\"><em><span style=\"font-family: Belleza; font-weight: normal;\">Can\u2019t get enough 4h \u2013 1800 Euro \/ 7300 Aed \/ 2600 SGD \/ 2900 AUD <\/span><\/em><\/p>\n<p style=\"text-align: left;\"><em><span style=\"font-family: Belleza; font-weight: normal;\">Dinner Date 5h \u2013 2100 Euro \/ 8500 Aed \/ 3000 SGD \/ 3400 AUD<br \/><\/span><\/em><\/p>\n<p style=\"text-align: left;\"><em><span style=\"font-family: Belleza; font-weight: normal;\">Relax yourself 8h \u2013 <\/span><\/em><em><span style=\"font-family: Belleza; font-weight: normal;\">2800 Euro \/ 11000 Aed \/ 4100 SGD \/ 4600 AUD<\/span><\/em><\/p>\n<p style=\"text-align: left;\"><em><span style=\"font-family: Belleza; font-weight: normal;\">Overnight 14h \u2013 <\/span><\/em><em><span style=\"font-family: Belleza; font-weight: normal;\">3500 Euro \/ 14000 Aed \/ 5100 SGD \/ 5800 AUD<\/span><\/em><\/p>\n<p style=\"text-align: left;\"><em><span style=\"font-family: Belleza; font-weight: normal;\">One full day 24h \u2013 4500 Euro \/ 18000 aed \/ 6500 SGD \/ 7300 AUD <br \/><\/span><\/em><\/p>\n<p style=\"text-align: left;\"><em><span style=\"font-family: Belleza; font-weight: normal;\">Two days 48h \u2013 6000 Euro \/ 25000 Aed \/ 8700 SGD \/ 9800 AUD<br \/><\/span><\/em><\/p>\n<p style=\"text-align: left;\"><em><span style=\"font-family: Belleza; font-weight: normal;\">+1 more day \u2013 2000 Euro \/ 8000 Aed \/ 2900 SGD \/ 3200 AUD<br \/><\/span><\/em><\/p>\n<p style=\"text-align: left;\"><em><span style=\"font-family: Belleza; font-weight: normal;\">Exclusive relationship <\/span><\/em><em><span style=\"font-family: Belleza; font-weight: normal;\">\u2013 starting at 20k Euro \/ 80k Aed \/ 30k SGD \/ 33k AUD monthly<\/span><\/em><\/p>\n<p style=\"text-align: left;\"><span style=\"font-family: Belleza; font-weight: normal;\">Ich bevorzuge Outcall auch wenn Incall m\u00f6glich ist. F\u00fcge daher bitte Taxigeld zu meinen Honorar hinzu. <\/span><em><span style=\"font-family: Belleza; font-weight: normal;\"><\/span><\/em><\/p>\n<p style=\"text-align: left;\"><em><span style=\"font-family: Belleza; font-weight: normal;\"><\/span><\/em><\/p>\n<p>[\/et_pb_text][\/et_pb_column][\/et_pb_row][\/et_pb_section][et_pb_section fb_built=&#8220;1&#8243; _builder_version=&#8220;4.21.0&#8243; _module_preset=&#8220;default&#8220; background_color=&#8220;#F3F3F3&#8243; min_height=&#8220;1003.5px&#8220; global_colors_info=&#8220;{}&#8220;][et_pb_row column_structure=&#8220;1_2,1_2&#8243; _builder_version=&#8220;4.21.0&#8243; _module_preset=&#8220;default&#8220; global_colors_info=&#8220;{}&#8220;][et_pb_column type=&#8220;1_2&#8243; _builder_version=&#8220;4.21.0&#8243; _module_preset=&#8220;default&#8220; global_colors_info=&#8220;{}&#8220;][et_pb_text _builder_version=&#8220;4.21.0&#8243; _module_preset=&#8220;default&#8220; global_colors_info=&#8220;{}&#8220;]<\/p>\n<p><span style=\"font-family: Belleza;\">*Du \u00fcbergibst mir mein Honorar zu Beginn unseres Treffens in einem unverschlossenen Umschlag. Im Hotelzimmer kannst du den Umschlag auch an einem sichtbaren Ort platzieren, sodass ich ihn an mich nehmen kann. <\/span><span style=\"font-family: Belleza;\">Wenn wir uns in der \u00d6ffentlichkeit treffen, lege ihn bitte in eine Geschenkt\u00fcte oder ein Buch. <\/span><span style=\"font-family: Belleza; font-weight: normal;\">Falls du jedoch bef\u00fcrchtest, dass w\u00e4hrend der \u00dcbergabe eine unangenehme Situation entstehen k\u00f6nnte, ist auch eine komplette Vorabzahlung auf mein Konto m\u00f6glich.<\/span><\/p>\n<p><span style=\"font-family: Belleza;\">*Die Reisekosten sprich Taxi, Zug und m\u00f6glicherweise ein Hotel zur \u00dcbernachtung werden vollst\u00e4ndig von dir \u00fcbernommen. Ich kann dir den genauen Betrag mitteilen, nachdem du mir deinen Wunschort genannt hast.<\/span><\/p>\n<p><span style=\"font-family: Belleza;\">* <\/span><span style=\"font-family: Belleza;\"><\/span><span style=\"font-family: Belleza;\">F\u00fcr unsere Verabredung buchst du ein 4 oder 5 Sterne Hotel. <\/span><span style=\"font-family: Belleza;\">Bei einem &#8222;Fly me to you&#8220; fliege ich Business oder First Class.<\/span><\/p>\n<p><span style=\"font-family: Belleza;\">*Dates l\u00e4nger als drei Stunden beinhalten social Time au\u00dferhalb des Hotelzimmer : Drink an der Bar, Restaurantbesuch, Spaziergang, Museum..<\/span><\/p>\n<p><span style=\"font-family: Belleza;\">*Bei l\u00e4ngeren Verabredungen sch\u00e4tze ich 7 Stunden Schlaf und ein wenig Zeit f\u00fcr mich selbst, um mein Handy zu checken und mich frisch zu machen.<\/span><\/p>\n<p><span style=\"font-family: Belleza;\">* Falls du den Termin verschieben musst, gibst du mir mindestens 72 Stunden vorher Bescheid. Dann kann ich deine Anzahlung f\u00fcr unseren n\u00e4chstes Date einbehalten<\/span><span style=\"font-family: Belleza;\"><\/span><span style=\"font-family: Belleza;\"><\/span><span style=\"font-family: Belleza;\"><\/span><\/p>\n<p>[\/et_pb_text][\/et_pb_column][et_pb_column type=&#8220;1_2&#8243; _builder_version=&#8220;4.21.0&#8243; _module_preset=&#8220;default&#8220; global_colors_info=&#8220;{}&#8220;][et_pb_image src=&#8220;https:\/\/johanna-highclass-escort.de\/wp-content\/uploads\/2023\/02\/eZy-Watermark_17-02-2023_09-13-05PM.jpg&#8220; title_text=&#8220;Etikette f\u00fcr ein High Class Escort Date mit Johanna&#8220; _builder_version=&#8220;4.20.2&#8243; _module_preset=&#8220;default&#8220; global_colors_info=&#8220;{}&#8220;][\/et_pb_image][\/et_pb_column][\/et_pb_row][\/et_pb_section][et_pb_section fb_built=&#8220;1&#8243; module_class=&#8220;white_font_sec&#8220; _builder_version=&#8220;4.20.0&#8243; _module_preset=&#8220;default&#8220; background_color=&#8220;rgba(15,15,15,0)&#8220; background_image=&#8220;https:\/\/johanna-highclass-escort.de\/wp-content\/uploads\/2022\/03\/Mask-Group-2-min.jpg&#8220; background_blend=&#8220;multiply&#8220; vertical_offset_tablet=&#8220;0&#8243; horizontal_offset_tablet=&#8220;0&#8243; min_height=&#8220;279.3px&#8220; box_shadow_horizontal_tablet=&#8220;0px&#8220; box_shadow_vertical_tablet=&#8220;0px&#8220; box_shadow_blur_tablet=&#8220;40px&#8220; box_shadow_spread_tablet=&#8220;0px&#8220; global_module=&#8220;57399&#8243; locked=&#8220;off&#8220; global_colors_info=&#8220;{}&#8220;][et_pb_row _builder_version=&#8220;4.21.0&#8243; _module_preset=&#8220;default&#8220; global_colors_info=&#8220;{}&#8220;][et_pb_column type=&#8220;4_4&#8243; _builder_version=&#8220;4.21.0&#8243; _module_preset=&#8220;default&#8220; global_colors_info=&#8220;{}&#8220;][et_pb_text _builder_version=&#8220;4.21.0&#8243; _module_preset=&#8220;default&#8220; background_layout=&#8220;dark&#8220; global_colors_info=&#8220;{}&#8220;]<\/p>\n<h2 style=\"text-align: center;\">More private impressions of me and my life&#8230;.<\/h2>\n<p>[\/et_pb_text][et_pb_button button_url=&#8220;https:\/\/twitter.com\/datejohanna&#8220; url_new_window=&#8220;on&#8220; button_text=&#8220;Twitter&#8220; button_alignment=&#8220;center&#8220; _builder_version=&#8220;4.21.0&#8243; _module_preset=&#8220;default&#8220; custom_button=&#8220;on&#8220; button_text_size=&#8220;29px&#8220; global_colors_info=&#8220;{}&#8220;][\/et_pb_button][\/et_pb_column][\/et_pb_row][\/et_pb_section]<\/p>\n","protected":false},"excerpt":{"rendered":"<p>Honorar und Etikette Mein Honorar ist unverhandelbar und gilt nur f\u00fcr die Zeit, die ich mit dir verbringen werde. Alles was zwischen uns passiert sind einvernehmliche Handlungen zwischen zwei Erwachsenen. Busy Gentlemen 1h \u2013 900 Euro \/ 3600 Aed \/ 1300 SGD \/ 1500 AUD Sexy Encounter 2h \u2013 1200 Euro \/ 4800 Aed \/ [&hellip;]<\/p>\n","protected":false},"author":4,"featured_media":0,"parent":0,"menu_order":0,"comment_status":"closed","ping_status":"closed","template":"","meta":{"_et_pb_use_builder":"on","_et_pb_old_content":"","_et_gb_content_width":"","footnotes":""},"class_list":["post-56992","page","type-page","status-publish","hentry"],"yoast_head":"<!-- This site is optimized with the Yoast SEO plugin v26.3 - https:\/\/yoast.com\/wordpress\/plugins\/seo\/ -->\n<title>Honorar - Johanna Highclass Escort<\/title>\n<meta name=\"description\" content=\"Hier findest du alle wichtigen Informationen zu meinem Honorar und der Etikette f\u00fcr ein High Class Escort Date..\" \/>\n<meta name=\"robots\" content=\"index, follow, max-snippet:-1, max-image-preview:large, max-video-preview:-1\" \/>\n<link rel=\"canonical\" href=\"https:\/\/johanna-highclass-escort.de\/de\/honorar\/\" \/>\n<meta property=\"og:locale\" content=\"de_DE\" \/>\n<meta property=\"og:type\" content=\"article\" \/>\n<meta property=\"og:title\" content=\"Honorar - Johanna Highclass Escort\" \/>\n<meta property=\"og:description\" content=\"Hier findest du alle wichtigen Informationen zu meinem Honorar und der Etikette f\u00fcr ein High Class Escort Date..\" \/>\n<meta property=\"og:url\" content=\"https:\/\/johanna-highclass-escort.de\/de\/honorar\/\" \/>\n<meta property=\"og:site_name\" content=\"Johanna Highclass Escort\" \/>\n<meta property=\"article:modified_time\" content=\"2023-12-30T10:40:53+00:00\" \/>\n<meta name=\"twitter:card\" content=\"summary_large_image\" \/>\n<meta name=\"twitter:label1\" content=\"Gesch\u00e4tzte Lesezeit\" \/>\n\t<meta name=\"twitter:data1\" content=\"2\u00a0Minuten\" \/>\n<script type=\"application\/ld+json\" class=\"yoast-schema-graph\">{\"@context\":\"https:\/\/schema.org\",\"@graph\":[{\"@type\":\"WebPage\",\"@id\":\"https:\/\/johanna-highclass-escort.de\/de\/honorar\/\",\"url\":\"https:\/\/johanna-highclass-escort.de\/de\/honorar\/\",\"name\":\"Honorar - Johanna Highclass Escort\",\"isPartOf\":{\"@id\":\"https:\/\/johanna-highclass-escort.de\/de\/#website\"},\"datePublished\":\"2023-03-14T19:35:59+00:00\",\"dateModified\":\"2023-12-30T10:40:53+00:00\",\"description\":\"Hier findest du alle wichtigen Informationen zu meinem Honorar und der Etikette f\u00fcr ein High Class Escort Date..\",\"breadcrumb\":{\"@id\":\"https:\/\/johanna-highclass-escort.de\/de\/honorar\/#breadcrumb\"},\"inLanguage\":\"de\",\"potentialAction\":[{\"@type\":\"ReadAction\",\"target\":[\"https:\/\/johanna-highclass-escort.de\/de\/honorar\/\"]}]},{\"@type\":\"BreadcrumbList\",\"@id\":\"https:\/\/johanna-highclass-escort.de\/de\/honorar\/#breadcrumb\",\"itemListElement\":[{\"@type\":\"ListItem\",\"position\":1,\"name\":\"Startseite\",\"item\":\"https:\/\/johanna-highclass-escort.de\/de\/\"},{\"@type\":\"ListItem\",\"position\":2,\"name\":\"Honorar\"}]},{\"@type\":\"WebSite\",\"@id\":\"https:\/\/johanna-highclass-escort.de\/de\/#website\",\"url\":\"https:\/\/johanna-highclass-escort.de\/de\/\",\"name\":\"Johanna Highclass Escort\",\"description\":\"Independent High Class Escort aus Leidenschaft\",\"potentialAction\":[{\"@type\":\"SearchAction\",\"target\":{\"@type\":\"EntryPoint\",\"urlTemplate\":\"https:\/\/johanna-highclass-escort.de\/de\/?s={search_term_string}\"},\"query-input\":{\"@type\":\"PropertyValueSpecification\",\"valueRequired\":true,\"valueName\":\"search_term_string\"}}],\"inLanguage\":\"de\"}]}<\/script>\n<!-- \/ Yoast SEO plugin. -->","yoast_head_json":{"title":"Honorar - Johanna Highclass Escort","description":"Hier findest du alle wichtigen Informationen zu meinem Honorar und der Etikette f\u00fcr ein High Class Escort Date..","robots":{"index":"index","follow":"follow","max-snippet":"max-snippet:-1","max-image-preview":"max-image-preview:large","max-video-preview":"max-video-preview:-1"},"canonical":"https:\/\/johanna-highclass-escort.de\/de\/honorar\/","og_locale":"de_DE","og_type":"article","og_title":"Honorar - Johanna Highclass Escort","og_description":"Hier findest du alle wichtigen Informationen zu meinem Honorar und der Etikette f\u00fcr ein High Class Escort Date..","og_url":"https:\/\/johanna-highclass-escort.de\/de\/honorar\/","og_site_name":"Johanna Highclass Escort","article_modified_time":"2023-12-30T10:40:53+00:00","twitter_card":"summary_large_image","twitter_misc":{"Gesch\u00e4tzte Lesezeit":"2\u00a0Minuten"},"schema":{"@context":"https:\/\/schema.org","@graph":[{"@type":"WebPage","@id":"https:\/\/johanna-highclass-escort.de\/de\/honorar\/","url":"https:\/\/johanna-highclass-escort.de\/de\/honorar\/","name":"Honorar - Johanna Highclass Escort","isPartOf":{"@id":"https:\/\/johanna-highclass-escort.de\/de\/#website"},"datePublished":"2023-03-14T19:35:59+00:00","dateModified":"2023-12-30T10:40:53+00:00","description":"Hier findest du alle wichtigen Informationen zu meinem Honorar und der Etikette f\u00fcr ein High Class Escort Date..","breadcrumb":{"@id":"https:\/\/johanna-highclass-escort.de\/de\/honorar\/#breadcrumb"},"inLanguage":"de","potentialAction":[{"@type":"ReadAction","target":["https:\/\/johanna-highclass-escort.de\/de\/honorar\/"]}]},{"@type":"BreadcrumbList","@id":"https:\/\/johanna-highclass-escort.de\/de\/honorar\/#breadcrumb","itemListElement":[{"@type":"ListItem","position":1,"name":"Startseite","item":"https:\/\/johanna-highclass-escort.de\/de\/"},{"@type":"ListItem","position":2,"name":"Honorar"}]},{"@type":"WebSite","@id":"https:\/\/johanna-highclass-escort.de\/de\/#website","url":"https:\/\/johanna-highclass-escort.de\/de\/","name":"Johanna Highclass Escort","description":"Independent High Class Escort aus Leidenschaft","potentialAction":[{"@type":"SearchAction","target":{"@type":"EntryPoint","urlTemplate":"https:\/\/johanna-highclass-escort.de\/de\/?s={search_term_string}"},"query-input":{"@type":"PropertyValueSpecification","valueRequired":true,"valueName":"search_term_string"}}],"inLanguage":"de"}]}},"_links":{"self":[{"href":"https:\/\/johanna-highclass-escort.de\/de\/wp-json\/wp\/v2\/pages\/56992","targetHints":{"allow":["GET"]}}],"collection":[{"href":"https:\/\/johanna-highclass-escort.de\/de\/wp-json\/wp\/v2\/pages"}],"about":[{"href":"https:\/\/johanna-highclass-escort.de\/de\/wp-json\/wp\/v2\/types\/page"}],"author":[{"embeddable":true,"href":"https:\/\/johanna-highclass-escort.de\/de\/wp-json\/wp\/v2\/users\/4"}],"replies":[{"embeddable":true,"href":"https:\/\/johanna-highclass-escort.de\/de\/wp-json\/wp\/v2\/comments?post=56992"}],"version-history":[{"count":0,"href":"https:\/\/johanna-highclass-escort.de\/de\/wp-json\/wp\/v2\/pages\/56992\/revisions"}],"wp:attachment":[{"href":"https:\/\/johanna-highclass-escort.de\/de\/wp-json\/wp\/v2\/media?parent=56992"}],"curies":[{"name":"wp","href":"https:\/\/api.w.org\/{rel}","templated":true}]}}